{"id":718,"date":"2018-02-02T14:59:19","date_gmt":"2018-02-02T13:59:19","guid":{"rendered":"http:\/\/efifarmaki.com\/?page_id=718"},"modified":"2023-03-16T08:55:29","modified_gmt":"2023-03-16T07:55:29","slug":"solo-performances","status":"publish","type":"page","link":"https:\/\/efifarmaki.com\/index.php\/en\/creations-2\/solo-performances\/","title":{"rendered":"Solos"},"content":{"rendered":"\n<p>The solo projects are created in response to invitations for special occasions or on our own initiative. They are often contextualized, site-specific creations, inspired by a specific place, object, musical piece or art work. They are the fruit of our collaboration with other artists : musicians, visual artists, authors and others.<\/p>\n\n\n\n<p><strong>L&rsquo;\u00f4<\/strong><br>Solo performance inspired and created out of musical electroacoustic pieces of the composer Charles Platel, for the En Chair et en Son festival #7. Pr\u00e9sented at the Aleph Theater, Ivry sur Seine, on November 23.<\/p>\n\n\n\n<figure class=\"wp-block-embed is-type-video is-provider-youtube wp-block-embed-youtube wp-embed-aspect-16-9 wp-has-aspect-ratio\"><div class=\"wp-block-embed__wrapper\">\n<iframe loading=\"lazy\" title=\"En Chair et en Son#7 : Efi Farmaki - Charles Platel\" width=\"640\" height=\"360\" src=\"https:\/\/www.youtube.com\/embed\/vWlZtVlrTX0?feature=oembed\" frameborder=\"0\" allow=\"accelerometer; autoplay; clipboard-write; encrypted-media; gyroscope; picture-in-picture; web-share\" referrerpolicy=\"strict-origin-when-cross-origin\" allowfullscreen><\/iframe>\n<\/div><\/figure>\n\n\n\n<p><strong>Hybrid Identities<\/strong><br>Performance inspired by the exhibition <em>Hybrid Identities<\/em> by visual artist <a rel=\"noreferrer noopener\" href=\"http:\/\/www.mapecoo.com\/\" target=\"_blank\">Maria Pe\u00f1a Coto<\/a> on nomadic, travelling, expatriate and immigrant women. In collaboration with musician\/singer Xiao Xiao, we imagined a performance nourished by our own experiences of migration, retracing the fundamental stages of displacement: leaving home, the hope and difficulty of the journey, the encounter with the Other, the transformation of oneself, the (re)departure for a new journey. <br>This performance was presented at the Galerie du G\u00e9nie de la Bastille, Paris, on May 1, 2022.<\/p>\n\n\n\n<figure class=\"wp-block-embed is-type-video is-provider-youtube wp-block-embed-youtube wp-embed-aspect-16-9 wp-has-aspect-ratio\"><div class=\"wp-block-embed__wrapper\">\n<iframe loading=\"lazy\" title=\"\u201cHybrid Identities\u201d performance (extracts)\" width=\"640\" height=\"360\" src=\"https:\/\/www.youtube.com\/embed\/hlq0FOR39dM?feature=oembed\" frameborder=\"0\" allow=\"accelerometer; autoplay; clipboard-write; encrypted-media; gyroscope; picture-in-picture; web-share\" referrerpolicy=\"strict-origin-when-cross-origin\" allowfullscreen><\/iframe>\n<\/div><\/figure>\n\n\n\n<p><strong>Entrelac\u00e9e<\/strong><br>Dance solo performance inspired by sculptor <a rel=\"noreferrer noopener\" href=\"https:\/\/www.zhouyiyan.fr\/\" target=\"_blank\">Yiyan Zhou<\/a>\u2019s \u201cGreffe\u201d art jewelry series. The dance is inspired by both the forms of the artworks, spiral, circular, waving forms, as well as by the quality of the materials used, the smoothness, the fragility, the plasticity of porcelain and bronze.<br>It was presented at the closing event of Yiyan Zhou&rsquo;s exhibition in the MiniMasterpiece Gallery (Paris), on April 21, 2022, with live music by flutist Xipeng Guo and reading of Yiyan Zhou&rsquo;s poems.<\/p>\n\n\n\n<figure class=\"wp-block-embed is-type-video is-provider-youtube wp-block-embed-youtube wp-embed-aspect-16-9 wp-has-aspect-ratio\"><div class=\"wp-block-embed__wrapper\">\n<iframe loading=\"lazy\" title=\"\u201cEntrelac\u00e9e\u201d, dance solo performance by Efi Farmaki (extracts)\" width=\"640\" height=\"360\" src=\"https:\/\/www.youtube.com\/embed\/nGamKKYF0l0?feature=oembed\" frameborder=\"0\" allow=\"accelerometer; autoplay; clipboard-write; encrypted-media; gyroscope; picture-in-picture; web-share\" referrerpolicy=\"strict-origin-when-cross-origin\" allowfullscreen><\/iframe>\n<\/div><\/figure>\n\n\n\n<p><strong>Candida ut lilium <\/strong><br>Piece created in collaboration with Les Elanc\u00e9es, vocal trio of medieval music and contemporary improvisation. For this piece we have specifically worked on the song <em>Candida virginitas ut lilium<\/em> that the singers deconstruct and recompose in real time on stage, to accompany the dance which explores in a poetic way the different aspects of white color as a cultural and religious symbol. <br>Presented at :<br>Le Vent se L\u00e8ve, Paris \u2013 2 june 2019<br>\u00c9glise de Thury &#8211; 29 june 2019,<br>Chapelle St.Pierre de Tonnerre &#8211; 30 june 2019,<br>Nuit des \u00e9glises Couvent B\u00e9n\u00e9dictines de Vanves &#8211; 13 october 2019<\/p>\n\n\n\n<figure class=\"wp-block-embed is-type-video is-provider-youtube wp-block-embed-youtube wp-embed-aspect-16-9 wp-has-aspect-ratio\"><div class=\"wp-block-embed__wrapper\">\n<iframe loading=\"lazy\" title=\"Candida ut lilium\" width=\"640\" height=\"360\" src=\"https:\/\/www.youtube.com\/embed\/CSGvReJ3coA?feature=oembed\" frameborder=\"0\" allow=\"accelerometer; autoplay; clipboard-write; encrypted-media; gyroscope; picture-in-picture; web-share\" referrerpolicy=\"strict-origin-when-cross-origin\" allowfullscreen><\/iframe>\n<\/div><\/figure>\n\n\n\n<p><strong>Princess Bari<\/strong><br>Solo created for the piece <em>Bari <\/em>of the MIR Repertory Theater (Korea), based on the Korean shamanic legend of princess Bari. <br>Presented at : <br>Auditorium of INALCO, Paris \u2013 6 june 2019<br>Nuit Sacr\u00e9e festival, Church St. Merry, Paris \u2013 8 june 2019<\/p>\n\n\n\n<figure class=\"wp-block-embed is-type-video is-provider-youtube wp-block-embed-youtube wp-embed-aspect-16-9 wp-has-aspect-ratio\"><div class=\"wp-block-embed__wrapper\">\n<iframe loading=\"lazy\" title=\"Solo dance Efi Farmaki - Bari - MIR Repertory Theater\" width=\"640\" height=\"360\" src=\"https:\/\/www.youtube.com\/embed\/CFI02MmvSkQ?feature=oembed\" frameborder=\"0\" allow=\"accelerometer; autoplay; clipboard-write; encrypted-media; gyroscope; picture-in-picture; web-share\" referrerpolicy=\"strict-origin-when-cross-origin\" allowfullscreen><\/iframe>\n<\/div><\/figure>\n\n\n\n<p><strong>En toute intimit\u00e9 <\/strong><br>Solo performance presented in the installation <em>Dans les branches <\/em>of Maif Social Club, Paris on March 2019. <br>Event organised by La Fabrique de la Danse.<br><a href=\"http:\/\/www.lafabriquedeladanse.fr\/2019\/evenements\/deambulation-en-toute-intimite-avec-les-choregraphes-de-lincubateur-au-maif-social-club\/\">http:\/\/www.lafabriquedeladanse.fr\/2019\/evenements\/deambulation-en-toute-intimite-avec-les-choregraphes-de-lincubateur-au-maif-social-club\/<\/a> <\/p>\n\n\n\n<figure class=\"wp-block-embed is-type-video is-provider-youtube wp-block-embed-youtube wp-embed-aspect-16-9 wp-has-aspect-ratio\"><div class=\"wp-block-embed__wrapper\">\n<iframe loading=\"lazy\" title=\"Efi Farmaki solo performance, extract - &#039;&#039;En toute intimit\u00e9&#039;&#039;\" width=\"640\" height=\"360\" src=\"https:\/\/www.youtube.com\/embed\/jg781AI1TNI?feature=oembed\" frameborder=\"0\" allow=\"accelerometer; autoplay; clipboard-write; encrypted-media; gyroscope; picture-in-picture; web-share\" referrerpolicy=\"strict-origin-when-cross-origin\" allowfullscreen><\/iframe>\n<\/div><\/figure>\n\n\n\n<p><strong>Cosmogonie<\/strong> <br>Solo performance created specifically for the acousmatic musical piece <em>Cosmogonie<\/em> of the composer Michel Titin-Schnaider. It was presented at the festival \u00a0\u00bbLicence accueille Chair et son\u00a0\u00bb, which took place at the 100ECS theater, in Paris. March 2019.<\/p>\n\n\n\n<figure class=\"wp-block-embed is-type-video is-provider-youtube wp-block-embed-youtube wp-embed-aspect-16-9 wp-has-aspect-ratio\"><div class=\"wp-block-embed__wrapper\">\n<iframe loading=\"lazy\" title=\"Cosmogonie - solo performance by Efi Farmaki, extract\" width=\"640\" height=\"360\" src=\"https:\/\/www.youtube.com\/embed\/7pLPSqDikJ8?feature=oembed\" frameborder=\"0\" allow=\"accelerometer; autoplay; clipboard-write; encrypted-media; gyroscope; picture-in-picture; web-share\" referrerpolicy=\"strict-origin-when-cross-origin\" allowfullscreen><\/iframe>\n<\/div><\/figure>\n\n\n\n<p><strong>Incarnation<\/strong><br><em>En Chair et en son Festival, Le Cube, Paris octobre 2018<\/em> <br>This festival is proposing an encounter between a performer and a composer of acousmatic music. The performance itself is taking place inside an acousmonium of 36 speakers. <br>This solo was the result of a collaboration with the composer Vincent <br>Lauboeuf (Motus), inspired by his musical pieces <em>Le chant des sanctuaires<\/em> and <em>Le bruit des temple<\/em>.<\/p>\n\n\n\n<figure class=\"wp-block-gallery has-nested-images columns-4 is-cropped wp-block-gallery-1 is-layout-flex wp-block-gallery-is-layout-flex\">\n<figure class=\"wp-block-image size-large is-style-default\"><img loading=\"lazy\" decoding=\"async\" width=\"1024\" height=\"683\" data-id=\"1023\" src=\"https:\/\/efifarmaki.com\/wp-content\/uploads\/2019\/02\/En-chair-et-en-son-4-Efi-11-3-1024x683.jpg\" alt=\"\" class=\"wp-image-1023\" srcset=\"https:\/\/efifarmaki.com\/wp-content\/uploads\/2019\/02\/En-chair-et-en-son-4-Efi-11-3-1024x683.jpg 1024w, https:\/\/efifarmaki.com\/wp-content\/uploads\/2019\/02\/En-chair-et-en-son-4-Efi-11-3-300x200.jpg 300w, https:\/\/efifarmaki.com\/wp-content\/uploads\/2019\/02\/En-chair-et-en-son-4-Efi-11-3-768x512.jpg 768w\" sizes=\"(max-width: 1024px) 100vw, 1024px\" \/><\/figure>\n\n\n\n<figure class=\"wp-block-image size-large is-style-default\"><img loading=\"lazy\" decoding=\"async\" width=\"768\" height=\"1024\" data-id=\"1125\" src=\"https:\/\/efifarmaki.com\/wp-content\/uploads\/2019\/02\/En-chair-et-en-son-4-Efi-2-2-768x1024.jpg\" alt=\"\" class=\"wp-image-1125\" srcset=\"https:\/\/efifarmaki.com\/wp-content\/uploads\/2019\/02\/En-chair-et-en-son-4-Efi-2-2-768x1024.jpg 768w, https:\/\/efifarmaki.com\/wp-content\/uploads\/2019\/02\/En-chair-et-en-son-4-Efi-2-2-225x300.jpg 225w\" sizes=\"(max-width: 768px) 100vw, 768px\" \/><\/figure>\n\n\n\n<figure class=\"wp-block-image size-large is-style-default\"><img loading=\"lazy\" decoding=\"async\" width=\"768\" height=\"1024\" data-id=\"1126\" src=\"https:\/\/efifarmaki.com\/wp-content\/uploads\/2019\/02\/En-chair-et-en-son-4-Efi-7.n-1-768x1024.jpg\" alt=\"\" class=\"wp-image-1126\" srcset=\"https:\/\/efifarmaki.com\/wp-content\/uploads\/2019\/02\/En-chair-et-en-son-4-Efi-7.n-1-768x1024.jpg 768w, https:\/\/efifarmaki.com\/wp-content\/uploads\/2019\/02\/En-chair-et-en-son-4-Efi-7.n-1-225x300.jpg 225w\" sizes=\"(max-width: 768px) 100vw, 768px\" \/><\/figure>\n\n\n\n<figure class=\"wp-block-image size-large is-style-default\"><img loading=\"lazy\" decoding=\"async\" width=\"1024\" height=\"768\" data-id=\"1174\" src=\"https:\/\/efifarmaki.com\/wp-content\/uploads\/2019\/02\/En-chair-et-en-son-4-Efi-9-2-1024x768.jpg\" alt=\"\" class=\"wp-image-1174\" srcset=\"https:\/\/efifarmaki.com\/wp-content\/uploads\/2019\/02\/En-chair-et-en-son-4-Efi-9-2-1024x768.jpg 1024w, https:\/\/efifarmaki.com\/wp-content\/uploads\/2019\/02\/En-chair-et-en-son-4-Efi-9-2-300x225.jpg 300w, https:\/\/efifarmaki.com\/wp-content\/uploads\/2019\/02\/En-chair-et-en-son-4-Efi-9-2-768x576.jpg 768w\" sizes=\"(max-width: 1024px) 100vw, 1024px\" \/><\/figure>\n<\/figure>\n\n\n\n<p><strong>L&rsquo;esprit du chateau<\/strong><br><em>Bords d\u2019Yerres,&nbsp;Maison des arts du Brunoy, France, June 2017<\/em> <br>Site specific solo inspired by the architecture of the Town Hall of the city of Brunoy, a 19th century&rsquo;s historical monument, in an event organised by the City. <\/p>\n\n\n\n<figure class=\"wp-block-gallery has-nested-images columns-4 is-cropped wp-block-gallery-2 is-layout-flex wp-block-gallery-is-layout-flex\">\n<figure class=\"wp-block-image size-large is-style-default\"><img loading=\"lazy\" decoding=\"async\" width=\"861\" height=\"1024\" data-id=\"1127\" src=\"https:\/\/efifarmaki.com\/wp-content\/uploads\/2019\/02\/IMG_0260-1-861x1024.jpg\" alt=\"\" class=\"wp-image-1127\" srcset=\"https:\/\/efifarmaki.com\/wp-content\/uploads\/2019\/02\/IMG_0260-1-861x1024.jpg 861w, https:\/\/efifarmaki.com\/wp-content\/uploads\/2019\/02\/IMG_0260-1-252x300.jpg 252w, https:\/\/efifarmaki.com\/wp-content\/uploads\/2019\/02\/IMG_0260-1-768x913.jpg 768w\" sizes=\"(max-width: 861px) 100vw, 861px\" \/><\/figure>\n\n\n\n<figure class=\"wp-block-image size-large is-style-default\"><img loading=\"lazy\" decoding=\"async\" width=\"1024\" height=\"571\" data-id=\"1005\" src=\"https:\/\/efifarmaki.com\/wp-content\/uploads\/2019\/02\/Capture-d\u2019\u00e9cran-2017-06-14-\u00e0-10.37.23-1-1024x571.png\" alt=\"\" class=\"wp-image-1005\" srcset=\"https:\/\/efifarmaki.com\/wp-content\/uploads\/2019\/02\/Capture-d\u2019\u00e9cran-2017-06-14-\u00e0-10.37.23-1-1024x571.png 1024w, https:\/\/efifarmaki.com\/wp-content\/uploads\/2019\/02\/Capture-d\u2019\u00e9cran-2017-06-14-\u00e0-10.37.23-1-300x167.png 300w, https:\/\/efifarmaki.com\/wp-content\/uploads\/2019\/02\/Capture-d\u2019\u00e9cran-2017-06-14-\u00e0-10.37.23-1-768x428.png 768w\" sizes=\"(max-width: 1024px) 100vw, 1024px\" \/><\/figure>\n\n\n\n<figure class=\"wp-block-image size-large is-style-default\"><img loading=\"lazy\" decoding=\"async\" width=\"1024\" height=\"768\" data-id=\"1128\" src=\"https:\/\/efifarmaki.com\/wp-content\/uploads\/2019\/02\/IMG_0272-1-1024x768.jpg\" alt=\"\" class=\"wp-image-1128\" srcset=\"https:\/\/efifarmaki.com\/wp-content\/uploads\/2019\/02\/IMG_0272-1-1024x768.jpg 1024w, https:\/\/efifarmaki.com\/wp-content\/uploads\/2019\/02\/IMG_0272-1-300x225.jpg 300w, https:\/\/efifarmaki.com\/wp-content\/uploads\/2019\/02\/IMG_0272-1-768x576.jpg 768w\" sizes=\"(max-width: 1024px) 100vw, 1024px\" \/><\/figure>\n\n\n\n<figure class=\"wp-block-image size-large is-style-default\"><img loading=\"lazy\" decoding=\"async\" width=\"1024\" height=\"572\" data-id=\"1006\" src=\"https:\/\/efifarmaki.com\/wp-content\/uploads\/2019\/02\/Capture-d\u2019\u00e9cran-2017-06-14-\u00e0-10.42.11-1024x572.png\" alt=\"\" class=\"wp-image-1006\" srcset=\"https:\/\/efifarmaki.com\/wp-content\/uploads\/2019\/02\/Capture-d\u2019\u00e9cran-2017-06-14-\u00e0-10.42.11-1024x572.png 1024w, https:\/\/efifarmaki.com\/wp-content\/uploads\/2019\/02\/Capture-d\u2019\u00e9cran-2017-06-14-\u00e0-10.42.11-300x168.png 300w, https:\/\/efifarmaki.com\/wp-content\/uploads\/2019\/02\/Capture-d\u2019\u00e9cran-2017-06-14-\u00e0-10.42.11-768x429.png 768w\" sizes=\"(max-width: 1024px) 100vw, 1024px\" \/><\/figure>\n<\/figure>\n\n\n\n<p><strong>Arrosoir<\/strong><br><em>But\u00f4 dans mon jardin, Brunoy, France, June 2016<br><\/em>Solo&nbsp;inspired&nbsp;by&nbsp;Renoir&rsquo;s famous&nbsp;painting <em>A Girl with a Watering Can,<\/em><br>created and presented on the occasion of the <em>Buto dans mon jardin<\/em> event series, organised by the composer Michel Titin-Schnaider. <br><\/p>\n\n\n\n<figure class=\"wp-block-gallery has-nested-images columns-4 is-cropped wp-block-gallery-3 is-layout-flex wp-block-gallery-is-layout-flex\">\n<figure class=\"wp-block-image size-large is-style-default\"><img loading=\"lazy\" decoding=\"async\" width=\"1024\" height=\"576\" data-id=\"1009\" src=\"https:\/\/efifarmaki.com\/wp-content\/uploads\/2019\/02\/3-2-1024x576.png\" alt=\"\" class=\"wp-image-1009\" srcset=\"https:\/\/efifarmaki.com\/wp-content\/uploads\/2019\/02\/3-2-1024x576.png 1024w, https:\/\/efifarmaki.com\/wp-content\/uploads\/2019\/02\/3-2-300x169.png 300w, https:\/\/efifarmaki.com\/wp-content\/uploads\/2019\/02\/3-2-768x432.png 768w\" sizes=\"(max-width: 1024px) 100vw, 1024px\" \/><\/figure>\n\n\n\n<figure class=\"wp-block-image size-large is-style-default\"><img loading=\"lazy\" decoding=\"async\" width=\"1024\" height=\"648\" data-id=\"1008\" src=\"https:\/\/efifarmaki.com\/wp-content\/uploads\/2019\/02\/1-2-1024x648.png\" alt=\"\" class=\"wp-image-1008\" srcset=\"https:\/\/efifarmaki.com\/wp-content\/uploads\/2019\/02\/1-2-1024x648.png 1024w, https:\/\/efifarmaki.com\/wp-content\/uploads\/2019\/02\/1-2-300x190.png 300w, https:\/\/efifarmaki.com\/wp-content\/uploads\/2019\/02\/1-2-768x486.png 768w\" sizes=\"(max-width: 1024px) 100vw, 1024px\" \/><\/figure>\n\n\n\n<figure class=\"wp-block-image size-large is-style-default\"><img loading=\"lazy\" decoding=\"async\" width=\"1024\" height=\"578\" data-id=\"1000\" src=\"https:\/\/efifarmaki.com\/wp-content\/uploads\/2019\/02\/4-2-1024x578.png\" alt=\"\" class=\"wp-image-1000\" srcset=\"https:\/\/efifarmaki.com\/wp-content\/uploads\/2019\/02\/4-2-1024x578.png 1024w, https:\/\/efifarmaki.com\/wp-content\/uploads\/2019\/02\/4-2-300x169.png 300w, https:\/\/efifarmaki.com\/wp-content\/uploads\/2019\/02\/4-2-768x434.png 768w\" sizes=\"(max-width: 1024px) 100vw, 1024px\" \/><\/figure>\n\n\n\n<figure class=\"wp-block-image size-large is-style-default\"><img loading=\"lazy\" decoding=\"async\" width=\"1024\" height=\"971\" data-id=\"999\" src=\"https:\/\/efifarmaki.com\/wp-content\/uploads\/2019\/02\/jardin-3-1024x971.jpg\" alt=\"\" class=\"wp-image-999\" srcset=\"https:\/\/efifarmaki.com\/wp-content\/uploads\/2019\/02\/jardin-3-1024x971.jpg 1024w, https:\/\/efifarmaki.com\/wp-content\/uploads\/2019\/02\/jardin-3-300x284.jpg 300w, https:\/\/efifarmaki.com\/wp-content\/uploads\/2019\/02\/jardin-3-768x728.jpg 768w\" sizes=\"(max-width: 1024px) 100vw, 1024px\" \/><\/figure>\n<\/figure>\n\n\n\n<p><strong>La<\/strong> <strong>Sir\u00e8ne<\/strong><br><em>Blooming island<\/em>, <em>Andros, Greece, May 2016<\/em><br>Performance created for and presented as part of a guided urban walk in Andros island, organised by the local Asipka theater company in collaboration with the danish choreographer Kitt Johnson.  <br>This solo is the result of a research on the history, mythology and social function of the specific crossroads and its mirror. <\/p>\n\n\n\n<figure class=\"wp-block-gallery has-nested-images columns-4 is-cropped wp-block-gallery-4 is-layout-flex wp-block-gallery-is-layout-flex\">\n<figure class=\"wp-block-image size-full is-style-default\"><img loading=\"lazy\" decoding=\"async\" width=\"960\" height=\"540\" data-id=\"1137\" src=\"https:\/\/efifarmaki.com\/wp-content\/uploads\/2019\/02\/9-1.jpg\" alt=\"\" class=\"wp-image-1137\" srcset=\"https:\/\/efifarmaki.com\/wp-content\/uploads\/2019\/02\/9-1.jpg 960w, https:\/\/efifarmaki.com\/wp-content\/uploads\/2019\/02\/9-1-300x169.jpg 300w, https:\/\/efifarmaki.com\/wp-content\/uploads\/2019\/02\/9-1-768x432.jpg 768w\" sizes=\"(max-width: 960px) 100vw, 960px\" \/><\/figure>\n\n\n\n<figure class=\"wp-block-image size-large is-style-default\"><img loading=\"lazy\" decoding=\"async\" width=\"541\" height=\"743\" data-id=\"1619\" src=\"https:\/\/efifarmaki.com\/wp-content\/uploads\/2022\/05\/13-1-edited.jpg\" alt=\"\" class=\"wp-image-1619\" srcset=\"https:\/\/efifarmaki.com\/wp-content\/uploads\/2022\/05\/13-1-edited.jpg 541w, https:\/\/efifarmaki.com\/wp-content\/uploads\/2022\/05\/13-1-edited-218x300.jpg 218w\" sizes=\"(max-width: 541px) 100vw, 541px\" \/><\/figure>\n\n\n\n<figure class=\"wp-block-image size-full is-style-default\"><img loading=\"lazy\" decoding=\"async\" width=\"895\" height=\"540\" data-id=\"1618\" src=\"https:\/\/efifarmaki.com\/wp-content\/uploads\/2022\/05\/6-3-edited-2.jpg\" alt=\"\" class=\"wp-image-1618\" srcset=\"https:\/\/efifarmaki.com\/wp-content\/uploads\/2022\/05\/6-3-edited-2.jpg 895w, https:\/\/efifarmaki.com\/wp-content\/uploads\/2022\/05\/6-3-edited-2-300x181.jpg 300w, https:\/\/efifarmaki.com\/wp-content\/uploads\/2022\/05\/6-3-edited-2-768x463.jpg 768w\" sizes=\"(max-width: 895px) 100vw, 895px\" \/><\/figure>\n\n\n\n<figure class=\"wp-block-image size-full is-style-default\"><img loading=\"lazy\" decoding=\"async\" width=\"541\" height=\"960\" data-id=\"1136\" src=\"https:\/\/efifarmaki.com\/wp-content\/uploads\/2019\/02\/8.jpg\" alt=\"\" class=\"wp-image-1136\" srcset=\"https:\/\/efifarmaki.com\/wp-content\/uploads\/2019\/02\/8.jpg 541w, https:\/\/efifarmaki.com\/wp-content\/uploads\/2019\/02\/8-169x300.jpg 169w\" sizes=\"(max-width: 541px) 100vw, 541px\" \/><\/figure>\n<\/figure>\n\n\n\n<p><strong>R\u00eave-errance<\/strong><br><em>Nuit Blanche,<\/em>&nbsp;<em>Pole Simon Lefranc,&nbsp;Paris, September 2015<\/em><br>This solo is inspired by the famous Lady Macbeth&rsquo;s sleepwalking scene. It&rsquo;s a collaboration with the video artist Cl\u00e9oph\u00e9e Moser, presented as part of the event <em>Sons d&rsquo;Anthropocene<\/em>, organised by Aventures Electroacoustiques.   <\/p>\n\n\n\n<figure class=\"wp-block-gallery has-nested-images columns-4 is-cropped wp-block-gallery-5 is-layout-flex wp-block-gallery-is-layout-flex\">\n<figure class=\"wp-block-image size-large is-style-default\"><img loading=\"lazy\" decoding=\"async\" width=\"1024\" height=\"803\" data-id=\"1013\" src=\"https:\/\/efifarmaki.com\/wp-content\/uploads\/2019\/02\/EM1-040813-1024x803.jpg\" alt=\"\" class=\"wp-image-1013\" srcset=\"https:\/\/efifarmaki.com\/wp-content\/uploads\/2019\/02\/EM1-040813-1024x803.jpg 1024w, https:\/\/efifarmaki.com\/wp-content\/uploads\/2019\/02\/EM1-040813-300x235.jpg 300w, https:\/\/efifarmaki.com\/wp-content\/uploads\/2019\/02\/EM1-040813-768x602.jpg 768w, https:\/\/efifarmaki.com\/wp-content\/uploads\/2019\/02\/EM1-040813.jpg 1456w\" sizes=\"(max-width: 1024px) 100vw, 1024px\" \/><\/figure>\n\n\n\n<figure class=\"wp-block-image size-large is-style-default\"><img loading=\"lazy\" decoding=\"async\" width=\"1024\" height=\"626\" data-id=\"1014\" src=\"https:\/\/efifarmaki.com\/wp-content\/uploads\/2019\/02\/nuit-blanche-2-1-1024x626.jpg\" alt=\"\" class=\"wp-image-1014\" srcset=\"https:\/\/efifarmaki.com\/wp-content\/uploads\/2019\/02\/nuit-blanche-2-1-1024x626.jpg 1024w, https:\/\/efifarmaki.com\/wp-content\/uploads\/2019\/02\/nuit-blanche-2-1-300x183.jpg 300w, https:\/\/efifarmaki.com\/wp-content\/uploads\/2019\/02\/nuit-blanche-2-1-768x469.jpg 768w, https:\/\/efifarmaki.com\/wp-content\/uploads\/2019\/02\/nuit-blanche-2-1.jpg 1982w\" sizes=\"(max-width: 1024px) 100vw, 1024px\" \/><\/figure>\n\n\n\n<figure class=\"wp-block-image size-large is-style-default\"><img loading=\"lazy\" decoding=\"async\" width=\"1024\" height=\"711\" data-id=\"1015\" src=\"https:\/\/efifarmaki.com\/wp-content\/uploads\/2019\/02\/nuit-blanche-4-1-1024x711.jpg\" alt=\"\" class=\"wp-image-1015\" srcset=\"https:\/\/efifarmaki.com\/wp-content\/uploads\/2019\/02\/nuit-blanche-4-1-1024x711.jpg 1024w, https:\/\/efifarmaki.com\/wp-content\/uploads\/2019\/02\/nuit-blanche-4-1-300x208.jpg 300w, https:\/\/efifarmaki.com\/wp-content\/uploads\/2019\/02\/nuit-blanche-4-1-768x533.jpg 768w, https:\/\/efifarmaki.com\/wp-content\/uploads\/2019\/02\/nuit-blanche-4-1.jpg 2000w\" sizes=\"(max-width: 1024px) 100vw, 1024px\" \/><\/figure>\n\n\n\n<figure class=\"wp-block-image size-large is-style-default\"><img loading=\"lazy\" decoding=\"async\" width=\"1024\" height=\"768\" data-id=\"1012\" src=\"https:\/\/efifarmaki.com\/wp-content\/uploads\/2019\/02\/EM1-040869-1-1024x768.jpg\" alt=\"\" class=\"wp-image-1012\" srcset=\"https:\/\/efifarmaki.com\/wp-content\/uploads\/2019\/02\/EM1-040869-1-1024x768.jpg 1024w, https:\/\/efifarmaki.com\/wp-content\/uploads\/2019\/02\/EM1-040869-1-300x225.jpg 300w, https:\/\/efifarmaki.com\/wp-content\/uploads\/2019\/02\/EM1-040869-1-768x576.jpg 768w, https:\/\/efifarmaki.com\/wp-content\/uploads\/2019\/02\/EM1-040869-1.jpg 2000w\" sizes=\"(max-width: 1024px) 100vw, 1024px\" \/><\/figure>\n<\/figure>\n","protected":false},"excerpt":{"rendered":"<p>The solo projects are created in response to invitations for special occasions or on our own initiative. They are often contextualized, site-specific creations, inspired by a specific place, object, musical piece or art work. They are the fruit of our collaboration with other artists : musicians, visual artists, authors and [&hellip;]<\/p>\n","protected":false},"author":1,"featured_media":0,"parent":547,"menu_order":0,"comment_status":"closed","ping_status":"closed","template":"template-page-fullwidth.php","meta":{"footnotes":""},"jetpack_sharing_enabled":true,"_links":{"self":[{"href":"https:\/\/efifarmaki.com\/index.php\/wp-json\/wp\/v2\/pages\/718"}],"collection":[{"href":"https:\/\/efifarmaki.com\/index.php\/wp-json\/wp\/v2\/pages"}],"about":[{"href":"https:\/\/efifarmaki.com\/index.php\/wp-json\/wp\/v2\/types\/page"}],"author":[{"embeddable":true,"href":"https:\/\/efifarmaki.com\/index.php\/wp-json\/wp\/v2\/users\/1"}],"replies":[{"embeddable":true,"href":"https:\/\/efifarmaki.com\/index.php\/wp-json\/wp\/v2\/comments?post=718"}],"version-history":[{"count":17,"href":"https:\/\/efifarmaki.com\/index.php\/wp-json\/wp\/v2\/pages\/718\/revisions"}],"predecessor-version":[{"id":1758,"href":"https:\/\/efifarmaki.com\/index.php\/wp-json\/wp\/v2\/pages\/718\/revisions\/1758"}],"up":[{"embeddable":true,"href":"https:\/\/efifarmaki.com\/index.php\/wp-json\/wp\/v2\/pages\/547"}],"wp:attachment":[{"href":"https:\/\/efifarmaki.com\/index.php\/wp-json\/wp\/v2\/media?parent=718"}],"curies":[{"name":"wp","href":"https:\/\/api.w.org\/{rel}","templated":true}]}}