{"id":709,"date":"2018-02-02T14:21:39","date_gmt":"2018-02-02T13:21:39","guid":{"rendered":"http:\/\/efifarmaki.com\/?page_id=709"},"modified":"2019-02-11T23:59:42","modified_gmt":"2019-02-11T22:59:42","slug":"ateliers-pedagogiques","status":"publish","type":"page","link":"https:\/\/efifarmaki.com\/index.php\/fr\/ateliers-pedagogiques\/","title":{"rendered":"Actions P\u00e9dagogiques"},"content":{"rendered":"\n<p>Dans un d\u00e9sir de partage et d\u2019ouverture, la Compagnie Efi Farmaki met en place des ateliers, en lien avec ses spectacles, qui permettent aux participants de c\u00f4toyer l\u2019\u00e9quipe artistique et d\u2019explorer ensemble les diff\u00e9rentes th\u00e9matiques et axes de recherche de la compagnie \u00e0 travers des exp\u00e9riences sensibles et ludiques.<br>Les ateliers ont \u00e9galement comme objectif d\u2019offrir une porte d\u2019entr\u00e9e dans le monde de l\u2019art et de la danse contemporaine en tant que forme d\u2019expression artistique pour les publics qui en sont les plus \u00e9loign\u00e9s. Les stages que nous organisons sont sp\u00e9cifiquement adapt\u00e9s aux diff\u00e9rents publics selon l\u2019\u00e2ge et l\u2019exp\u00e9rience de danse des participants. &nbsp;Les ateliers se cl\u00f4turent souvent par une pr\u00e9sentation de fin de stage qui offre aux participants une motivation suppl\u00e9mentaire et un sentiment d\u2019accomplissement. <br><\/p>\n\n\n\n<p>Quelques exemples de stages realis\u00e9s&nbsp;: <br><\/p>\n\n\n\n<p><strong>Atelier chor\u00e9graphique avec le groupe de danseurs amateurs Danse en Seine, sept-oct 2016, Studio Flore, Carreau du Temple, Paris.<\/strong><\/p>\n\n\n\n<ul class=\"wp-block-gallery columns-5 is-cropped wp-block-gallery-1 is-layout-flex wp-block-gallery-is-layout-flex\"><li class=\"blocks-gallery-item\"><figure><img loading=\"lazy\" decoding=\"async\" width=\"960\" height=\"720\" src=\"https:\/\/efifarmaki.com\/wp-content\/uploads\/2019\/02\/IMG_3664.jpg\" alt=\"\" data-id=\"853\" data-link=\"https:\/\/efifarmaki.com\/index.php\/fr\/ateliers-pedagogiques\/img_3664-2\/\" class=\"wp-image-853\" srcset=\"https:\/\/efifarmaki.com\/wp-content\/uploads\/2019\/02\/IMG_3664.jpg 960w, https:\/\/efifarmaki.com\/wp-content\/uploads\/2019\/02\/IMG_3664-300x225.jpg 300w, https:\/\/efifarmaki.com\/wp-content\/uploads\/2019\/02\/IMG_3664-768x576.jpg 768w\" sizes=\"(max-width: 960px) 100vw, 960px\" \/><\/figure><\/li><li class=\"blocks-gallery-item\"><figure><img loading=\"lazy\" decoding=\"async\" width=\"640\" height=\"480\" src=\"https:\/\/efifarmaki.com\/wp-content\/uploads\/2019\/02\/IMG_3638.jpg\" alt=\"\" data-id=\"854\" data-link=\"https:\/\/efifarmaki.com\/index.php\/fr\/ateliers-pedagogiques\/img_3638-2\/\" class=\"wp-image-854\" srcset=\"https:\/\/efifarmaki.com\/wp-content\/uploads\/2019\/02\/IMG_3638.jpg 640w, https:\/\/efifarmaki.com\/wp-content\/uploads\/2019\/02\/IMG_3638-300x225.jpg 300w\" sizes=\"(max-width: 640px) 100vw, 640px\" \/><\/figure><\/li><li class=\"blocks-gallery-item\"><figure><img loading=\"lazy\" decoding=\"async\" width=\"640\" height=\"480\" src=\"https:\/\/efifarmaki.com\/wp-content\/uploads\/2019\/02\/IMG_3636.jpg\" alt=\"\" data-id=\"855\" data-link=\"https:\/\/efifarmaki.com\/index.php\/fr\/ateliers-pedagogiques\/img_3636\/\" class=\"wp-image-855\" srcset=\"https:\/\/efifarmaki.com\/wp-content\/uploads\/2019\/02\/IMG_3636.jpg 640w, https:\/\/efifarmaki.com\/wp-content\/uploads\/2019\/02\/IMG_3636-300x225.jpg 300w\" sizes=\"(max-width: 640px) 100vw, 640px\" \/><\/figure><\/li><li class=\"blocks-gallery-item\"><figure><img loading=\"lazy\" decoding=\"async\" width=\"720\" height=\"720\" src=\"https:\/\/efifarmaki.com\/wp-content\/uploads\/2019\/02\/IMG_3656.jpg\" alt=\"\" data-id=\"857\" data-link=\"https:\/\/efifarmaki.com\/index.php\/fr\/ateliers-pedagogiques\/img_3656\/\" class=\"wp-image-857\" srcset=\"https:\/\/efifarmaki.com\/wp-content\/uploads\/2019\/02\/IMG_3656.jpg 720w, https:\/\/efifarmaki.com\/wp-content\/uploads\/2019\/02\/IMG_3656-150x150.jpg 150w, https:\/\/efifarmaki.com\/wp-content\/uploads\/2019\/02\/IMG_3656-300x300.jpg 300w\" sizes=\"(max-width: 720px) 100vw, 720px\" \/><\/figure><\/li><li class=\"blocks-gallery-item\"><figure><img loading=\"lazy\" decoding=\"async\" width=\"640\" height=\"480\" src=\"https:\/\/efifarmaki.com\/wp-content\/uploads\/2019\/02\/IMG_3639.jpg\" alt=\"\" data-id=\"858\" data-link=\"https:\/\/efifarmaki.com\/index.php\/fr\/ateliers-pedagogiques\/img_3639-2\/\" class=\"wp-image-858\" srcset=\"https:\/\/efifarmaki.com\/wp-content\/uploads\/2019\/02\/IMG_3639.jpg 640w, https:\/\/efifarmaki.com\/wp-content\/uploads\/2019\/02\/IMG_3639-300x225.jpg 300w\" sizes=\"(max-width: 640px) 100vw, 640px\" \/><\/figure><\/li><\/ul>\n\n\n\n<p><strong>Stage de danse dans la nature, organis\u00e9 par la Compagnie du Passeur, Hameau des Boyers, Montlaux, aout 2017.<\/strong><\/p>\n\n\n\n<ul class=\"wp-block-gallery columns-5 is-cropped wp-block-gallery-2 is-layout-flex wp-block-gallery-is-layout-flex\"><li class=\"blocks-gallery-item\"><figure><img loading=\"lazy\" decoding=\"async\" width=\"960\" height=\"720\" src=\"https:\/\/efifarmaki.com\/wp-content\/uploads\/2018\/02\/studio-Hameau.jpg\" alt=\"\" data-id=\"743\" data-link=\"https:\/\/efifarmaki.com\/index.php\/fr\/ateliers-pedagogiques\/studio-hameau\/\" class=\"wp-image-743\" srcset=\"https:\/\/efifarmaki.com\/wp-content\/uploads\/2018\/02\/studio-Hameau.jpg 960w, https:\/\/efifarmaki.com\/wp-content\/uploads\/2018\/02\/studio-Hameau-300x225.jpg 300w, https:\/\/efifarmaki.com\/wp-content\/uploads\/2018\/02\/studio-Hameau-768x576.jpg 768w\" sizes=\"(max-width: 960px) 100vw, 960px\" \/><\/figure><\/li><li class=\"blocks-gallery-item\"><figure><img loading=\"lazy\" decoding=\"async\" width=\"1024\" height=\"683\" src=\"https:\/\/efifarmaki.com\/wp-content\/uploads\/2018\/02\/010-1-1024x683.jpg\" alt=\"\" data-id=\"744\" data-link=\"https:\/\/efifarmaki.com\/index.php\/fr\/ateliers-pedagogiques\/010-1\/\" class=\"wp-image-744\"\/><\/figure><\/li><li class=\"blocks-gallery-item\"><figure><img loading=\"lazy\" decoding=\"async\" width=\"1024\" height=\"768\" src=\"https:\/\/efifarmaki.com\/wp-content\/uploads\/2018\/02\/IMG_4675-1024x768.jpg\" alt=\"\" data-id=\"742\" data-link=\"https:\/\/efifarmaki.com\/index.php\/fr\/ateliers-pedagogiques\/img_4675\/\" class=\"wp-image-742\" srcset=\"https:\/\/efifarmaki.com\/wp-content\/uploads\/2018\/02\/IMG_4675-1024x768.jpg 1024w, https:\/\/efifarmaki.com\/wp-content\/uploads\/2018\/02\/IMG_4675-300x225.jpg 300w, https:\/\/efifarmaki.com\/wp-content\/uploads\/2018\/02\/IMG_4675-768x576.jpg 768w, https:\/\/efifarmaki.com\/wp-content\/uploads\/2018\/02\/IMG_4675.jpg 1632w\" sizes=\"(max-width: 1024px) 100vw, 1024px\" \/><\/figure><\/li><li class=\"blocks-gallery-item\"><figure><img loading=\"lazy\" decoding=\"async\" width=\"1024\" height=\"768\" src=\"https:\/\/efifarmaki.com\/wp-content\/uploads\/2019\/02\/IMG_4673-1024x768.jpg\" alt=\"\" data-id=\"859\" data-link=\"https:\/\/efifarmaki.com\/index.php\/fr\/ateliers-pedagogiques\/img_4673-2\/\" class=\"wp-image-859\" srcset=\"https:\/\/efifarmaki.com\/wp-content\/uploads\/2019\/02\/IMG_4673-1024x768.jpg 1024w, https:\/\/efifarmaki.com\/wp-content\/uploads\/2019\/02\/IMG_4673-300x225.jpg 300w, https:\/\/efifarmaki.com\/wp-content\/uploads\/2019\/02\/IMG_4673-768x576.jpg 768w\" sizes=\"(max-width: 1024px) 100vw, 1024px\" \/><\/figure><\/li><li class=\"blocks-gallery-item\"><figure><img loading=\"lazy\" decoding=\"async\" width=\"1024\" height=\"768\" src=\"https:\/\/efifarmaki.com\/wp-content\/uploads\/2019\/02\/IMG_4670-1024x768.jpg\" alt=\"\" data-id=\"861\" data-link=\"https:\/\/efifarmaki.com\/index.php\/fr\/ateliers-pedagogiques\/img_4670\/\" class=\"wp-image-861\" srcset=\"https:\/\/efifarmaki.com\/wp-content\/uploads\/2019\/02\/IMG_4670-1024x768.jpg 1024w, https:\/\/efifarmaki.com\/wp-content\/uploads\/2019\/02\/IMG_4670-300x225.jpg 300w, https:\/\/efifarmaki.com\/wp-content\/uploads\/2019\/02\/IMG_4670-768x576.jpg 768w\" sizes=\"(max-width: 1024px) 100vw, 1024px\" \/><\/figure><\/li><\/ul>\n\n\n\n<p><strong>Ateliers de danse dans le cadre de l\u2019\u00e9v\u00e9nement \u2018\u2019C\u2019est mon patrimoine\u2019\u2019 organis\u00e9 par le Centre des Monuments Nationaux, La Conciergerie, Paris, juillet 2018.<\/strong><\/p>\n\n\n\n<ul class=\"wp-block-gallery columns-5 is-cropped wp-block-gallery-3 is-layout-flex wp-block-gallery-is-layout-flex\"><li class=\"blocks-gallery-item\"><figure><img loading=\"lazy\" decoding=\"async\" width=\"1024\" height=\"768\" src=\"https:\/\/efifarmaki.com\/wp-content\/uploads\/2018\/08\/2-Pauline-1024x768.jpg\" alt=\"\" data-id=\"755\" data-link=\"https:\/\/efifarmaki.com\/index.php\/fr\/ateliers-pedagogiques\/2-pauline\/\" class=\"wp-image-755\" srcset=\"https:\/\/efifarmaki.com\/wp-content\/uploads\/2018\/08\/2-Pauline-1024x768.jpg 1024w, https:\/\/efifarmaki.com\/wp-content\/uploads\/2018\/08\/2-Pauline-300x225.jpg 300w, https:\/\/efifarmaki.com\/wp-content\/uploads\/2018\/08\/2-Pauline-768x576.jpg 768w\" sizes=\"(max-width: 1024px) 100vw, 1024px\" \/><\/figure><\/li><li class=\"blocks-gallery-item\"><figure><img loading=\"lazy\" decoding=\"async\" width=\"1024\" height=\"743\" src=\"https:\/\/efifarmaki.com\/wp-content\/uploads\/2018\/08\/1-Yael-1024x743.jpg\" alt=\"\" data-id=\"754\" data-link=\"https:\/\/efifarmaki.com\/index.php\/fr\/ateliers-pedagogiques\/1-yael\/\" class=\"wp-image-754\" srcset=\"https:\/\/efifarmaki.com\/wp-content\/uploads\/2018\/08\/1-Yael-1024x743.jpg 1024w, https:\/\/efifarmaki.com\/wp-content\/uploads\/2018\/08\/1-Yael-300x218.jpg 300w, https:\/\/efifarmaki.com\/wp-content\/uploads\/2018\/08\/1-Yael-768x557.jpg 768w\" sizes=\"(max-width: 1024px) 100vw, 1024px\" \/><\/figure><\/li><li class=\"blocks-gallery-item\"><figure><img loading=\"lazy\" decoding=\"async\" width=\"1024\" height=\"768\" src=\"https:\/\/efifarmaki.com\/wp-content\/uploads\/2018\/08\/4-1024x768.jpg\" alt=\"\" data-id=\"757\" data-link=\"https:\/\/efifarmaki.com\/index.php\/fr\/ateliers-pedagogiques\/4-3\/\" class=\"wp-image-757\" srcset=\"https:\/\/efifarmaki.com\/wp-content\/uploads\/2018\/08\/4-1024x768.jpg 1024w, https:\/\/efifarmaki.com\/wp-content\/uploads\/2018\/08\/4-300x225.jpg 300w, https:\/\/efifarmaki.com\/wp-content\/uploads\/2018\/08\/4-768x576.jpg 768w\" sizes=\"(max-width: 1024px) 100vw, 1024px\" \/><\/figure><\/li><li class=\"blocks-gallery-item\"><figure><img loading=\"lazy\" decoding=\"async\" width=\"1024\" height=\"768\" src=\"https:\/\/efifarmaki.com\/wp-content\/uploads\/2018\/08\/5-Tiphaine-1024x768.jpg\" alt=\"\" data-id=\"758\" data-link=\"https:\/\/efifarmaki.com\/index.php\/fr\/ateliers-pedagogiques\/5-tiphaine\/\" class=\"wp-image-758\" srcset=\"https:\/\/efifarmaki.com\/wp-content\/uploads\/2018\/08\/5-Tiphaine-1024x768.jpg 1024w, https:\/\/efifarmaki.com\/wp-content\/uploads\/2018\/08\/5-Tiphaine-300x225.jpg 300w, https:\/\/efifarmaki.com\/wp-content\/uploads\/2018\/08\/5-Tiphaine-768x576.jpg 768w\" sizes=\"(max-width: 1024px) 100vw, 1024px\" \/><\/figure><\/li><li class=\"blocks-gallery-item\"><figure><img loading=\"lazy\" decoding=\"async\" width=\"1024\" height=\"768\" src=\"https:\/\/efifarmaki.com\/wp-content\/uploads\/2018\/08\/6-Tiphaine-1024x768.jpg\" alt=\"\" data-id=\"759\" data-link=\"https:\/\/efifarmaki.com\/index.php\/fr\/ateliers-pedagogiques\/6-tiphaine\/\" class=\"wp-image-759\" srcset=\"https:\/\/efifarmaki.com\/wp-content\/uploads\/2018\/08\/6-Tiphaine-1024x768.jpg 1024w, https:\/\/efifarmaki.com\/wp-content\/uploads\/2018\/08\/6-Tiphaine-300x225.jpg 300w, https:\/\/efifarmaki.com\/wp-content\/uploads\/2018\/08\/6-Tiphaine-768x576.jpg 768w\" sizes=\"(max-width: 1024px) 100vw, 1024px\" \/><\/figure><\/li><li class=\"blocks-gallery-item\"><figure><img loading=\"lazy\" decoding=\"async\" width=\"1024\" height=\"646\" src=\"https:\/\/efifarmaki.com\/wp-content\/uploads\/2018\/08\/9-Pauline-1024x646.jpg\" alt=\"\" data-id=\"760\" data-link=\"https:\/\/efifarmaki.com\/index.php\/fr\/ateliers-pedagogiques\/9-pauline\/\" class=\"wp-image-760\" srcset=\"https:\/\/efifarmaki.com\/wp-content\/uploads\/2018\/08\/9-Pauline-1024x646.jpg 1024w, https:\/\/efifarmaki.com\/wp-content\/uploads\/2018\/08\/9-Pauline-300x189.jpg 300w, https:\/\/efifarmaki.com\/wp-content\/uploads\/2018\/08\/9-Pauline-768x485.jpg 768w, https:\/\/efifarmaki.com\/wp-content\/uploads\/2018\/08\/9-Pauline.jpg 1566w\" sizes=\"(max-width: 1024px) 100vw, 1024px\" \/><\/figure><\/li><li class=\"blocks-gallery-item\"><figure><img loading=\"lazy\" decoding=\"async\" width=\"1024\" height=\"768\" src=\"https:\/\/efifarmaki.com\/wp-content\/uploads\/2018\/08\/13-Elise-1024x768.jpg\" alt=\"\" data-id=\"762\" data-link=\"https:\/\/efifarmaki.com\/index.php\/fr\/ateliers-pedagogiques\/13-elise\/\" class=\"wp-image-762\" srcset=\"https:\/\/efifarmaki.com\/wp-content\/uploads\/2018\/08\/13-Elise-1024x768.jpg 1024w, https:\/\/efifarmaki.com\/wp-content\/uploads\/2018\/08\/13-Elise-300x225.jpg 300w, https:\/\/efifarmaki.com\/wp-content\/uploads\/2018\/08\/13-Elise-768x576.jpg 768w\" sizes=\"(max-width: 1024px) 100vw, 1024px\" \/><\/figure><\/li><li class=\"blocks-gallery-item\"><figure><img loading=\"lazy\" decoding=\"async\" width=\"1024\" height=\"576\" src=\"https:\/\/efifarmaki.com\/wp-content\/uploads\/2018\/08\/12-Efi-1024x576.jpg\" alt=\"\" data-id=\"761\" data-link=\"https:\/\/efifarmaki.com\/index.php\/fr\/ateliers-pedagogiques\/12-efi\/\" class=\"wp-image-761\" srcset=\"https:\/\/efifarmaki.com\/wp-content\/uploads\/2018\/08\/12-Efi-1024x576.jpg 1024w, https:\/\/efifarmaki.com\/wp-content\/uploads\/2018\/08\/12-Efi-300x169.jpg 300w, https:\/\/efifarmaki.com\/wp-content\/uploads\/2018\/08\/12-Efi-768x432.jpg 768w, https:\/\/efifarmaki.com\/wp-content\/uploads\/2018\/08\/12-Efi.jpg 1992w\" sizes=\"(max-width: 1024px) 100vw, 1024px\" \/><\/figure><\/li><li class=\"blocks-gallery-item\"><figure><img loading=\"lazy\" decoding=\"async\" width=\"1024\" height=\"815\" src=\"https:\/\/efifarmaki.com\/wp-content\/uploads\/2019\/02\/3-Yael-1024x815.jpg\" alt=\"\" data-id=\"1399\" data-link=\"https:\/\/efifarmaki.com\/index.php\/fr\/ateliers-pedagogiques\/3-yael-2\/\" class=\"wp-image-1399\" srcset=\"https:\/\/efifarmaki.com\/wp-content\/uploads\/2019\/02\/3-Yael-1024x815.jpg 1024w, https:\/\/efifarmaki.com\/wp-content\/uploads\/2019\/02\/3-Yael-300x239.jpg 300w, https:\/\/efifarmaki.com\/wp-content\/uploads\/2019\/02\/3-Yael-768x611.jpg 768w\" sizes=\"(max-width: 1024px) 100vw, 1024px\" \/><\/figure><\/li><li class=\"blocks-gallery-item\"><figure><img loading=\"lazy\" decoding=\"async\" width=\"1024\" height=\"576\" src=\"https:\/\/efifarmaki.com\/wp-content\/uploads\/2019\/02\/11-Efi-1-1024x576.jpg\" alt=\"\" data-id=\"1400\" data-link=\"https:\/\/efifarmaki.com\/index.php\/fr\/ateliers-pedagogiques\/11-efi-2\/\" class=\"wp-image-1400\" srcset=\"https:\/\/efifarmaki.com\/wp-content\/uploads\/2019\/02\/11-Efi-1-1024x576.jpg 1024w, https:\/\/efifarmaki.com\/wp-content\/uploads\/2019\/02\/11-Efi-1-300x169.jpg 300w, https:\/\/efifarmaki.com\/wp-content\/uploads\/2019\/02\/11-Efi-1-768x432.jpg 768w, https:\/\/efifarmaki.com\/wp-content\/uploads\/2019\/02\/11-Efi-1.jpg 1992w\" sizes=\"(max-width: 1024px) 100vw, 1024px\" \/><\/figure><\/li><\/ul>\n","protected":false},"excerpt":{"rendered":"<p>Dans un d\u00e9sir de partage et d\u2019ouverture, la Compagnie Efi Farmaki met en place des ateliers, en lien avec ses spectacles, qui permettent aux participants de c\u00f4toyer l\u2019\u00e9quipe artistique et d\u2019explorer ensemble les diff\u00e9rentes th\u00e9matiques et axes de recherche de la compagnie \u00e0 travers des exp\u00e9riences sensibles et ludiques.Les ateliers [&hellip;]<\/p>\n","protected":false},"author":1,"featured_media":0,"parent":0,"menu_order":0,"comment_status":"closed","ping_status":"closed","template":"template-page-fullwidth.php","meta":{"footnotes":""},"jetpack_sharing_enabled":true,"_links":{"self":[{"href":"https:\/\/efifarmaki.com\/index.php\/wp-json\/wp\/v2\/pages\/709"}],"collection":[{"href":"https:\/\/efifarmaki.com\/index.php\/wp-json\/wp\/v2\/pages"}],"about":[{"href":"https:\/\/efifarmaki.com\/index.php\/wp-json\/wp\/v2\/types\/page"}],"author":[{"embeddable":true,"href":"https:\/\/efifarmaki.com\/index.php\/wp-json\/wp\/v2\/users\/1"}],"replies":[{"embeddable":true,"href":"https:\/\/efifarmaki.com\/index.php\/wp-json\/wp\/v2\/comments?post=709"}],"version-history":[{"count":17,"href":"https:\/\/efifarmaki.com\/index.php\/wp-json\/wp\/v2\/pages\/709\/revisions"}],"predecessor-version":[{"id":1409,"href":"https:\/\/efifarmaki.com\/index.php\/wp-json\/wp\/v2\/pages\/709\/revisions\/1409"}],"wp:attachment":[{"href":"https:\/\/efifarmaki.com\/index.php\/wp-json\/wp\/v2\/media?parent=709"}],"curies":[{"name":"wp","href":"https:\/\/api.w.org\/{rel}","templated":true}]}}