{"id":50,"date":"2017-04-04T13:33:19","date_gmt":"2017-04-04T11:33:19","guid":{"rendered":"http:\/\/efifarmaki.com\/?page_id=50"},"modified":"2021-07-09T19:54:26","modified_gmt":"2021-07-09T17:54:26","slug":"le-choeur","status":"publish","type":"page","link":"https:\/\/efifarmaki.com\/index.php\/fr\/creations\/le-choeur\/","title":{"rendered":"Le Choeur"},"content":{"rendered":"\n<p class=\"has-text-align-left\">Pi\u00e8ce chor\u00e9graphique et vocale pour 5 interpr\u00e8tes <br>Dur\u00e9e : 50 minutes<br>Tout public<br><\/p>\n\n\n\n<p><em>Une tribu imaginaire de femmes, micrographie de soci\u00e9t\u00e9 humaine, oscillant ind\u00e9finiment entre unisson et dispersion, consonance et dissonance, en perp\u00e9tuelle qu\u00eate d\u2019\u00e9quilibre. Cette pi\u00e8ce chor\u00e9graphique et vocale nous invite au c\u0153ur palpitant des relations entre le groupe et l\u2019individu, dans une \u00e9tonnante fresque onirique et po\u00e9tique.\u00a0<\/em><br><\/p>\n\n\n\n<figure class=\"wp-block-embed is-type-video is-provider-youtube wp-block-embed-youtube wp-embed-aspect-16-9 wp-has-aspect-ratio\"><div class=\"wp-block-embed__wrapper\">\n<iframe loading=\"lazy\" title=\"Le Choeur\" width=\"640\" height=\"360\" src=\"https:\/\/www.youtube.com\/embed\/U9AlFCQUzXc?feature=oembed\" frameborder=\"0\" allow=\"accelerometer; autoplay; clipboard-write; encrypted-media; gyroscope; picture-in-picture; web-share\" referrerpolicy=\"strict-origin-when-cross-origin\" allowfullscreen><\/iframe>\n<\/div><figcaption>Le Choeur &#8211; teaser long par Sierra Kinsora<\/figcaption><\/figure>\n\n\n\n<p><strong>Note de la chor\u00e9graphe <\/strong><br><strong>\u00c0 propos du choeur <\/strong><br>Dans la trag\u00e9die grecque le choeur repr\u00e9sente la soci\u00e9t\u00e9, mais il est<br>plac\u00e9 en arri\u00e8re-plan, la lumi\u00e8re \u00e9tant mise sur les protagonistes. J\u2019ai<br>pour ma part choisi le th\u00e8me du choeur, de l\u2019ensemble, du groupe,<br>pour en faire un sujet \u00e0 part enti\u00e8re. J\u2019\u00e9tais int\u00e9ress\u00e9e par les rites et<br>les routines qui lient, par ce qui fait la coh\u00e9sion du groupe, ce qui m\u2019a<br>orient\u00e9 vers le th\u00e8me du rituel. Issu de la profondeur des \u00e2ges, le<br>rituel qui rassure et qui canalise les angoisses dans une fabrication<br>symbolique partag\u00e9e, pour finalement les transmuter en culture. Je<br>voulais circuler sur l\u2019axe tendu entre ce besoin universel \u00e0 toutes les<br>soci\u00e9t\u00e9s humaines, et les formes tr\u00e8s sp\u00e9cifiques que chacune<br>d\u2019entre elles lui ont donn\u00e9es.<br><br><strong>Sur Sc\u00e8ne<\/strong> <br>Une tribu imaginaire de femmes, micrographie de soci\u00e9t\u00e9 humaine,<br>est anim\u00e9e par un m\u00e9canisme continu de changement.<br>Recherche de l\u2019\u00e9quilibre et d\u00e9stabilisation, qu\u00eate incessante de sa<br>place dans le groupe, construction permanente de l\u2019identit\u00e9 collective<br>en \u00e9volution continue, tout cela forme un tableau mouvant et en<br>perp\u00e9tuelle mutation. <br><br><strong>Principes Chor\u00e9graphiques <\/strong><br>Plut\u00f4t que des s\u00e9quences gestuelles d\u00e9finies, je privil\u00e9gie des<br>syst\u00e8mes d\u2019improvisation structur\u00e9e par des r\u00e8gles. Ce qui s\u2019exprime<br>par un processus constant de changement de r\u00f4les et de positions, le<br>spectacle varie donc d\u2019une repr\u00e9sentation \u00e0 l\u2019autre. La nond\u00e9termination<br>dans la structure chor\u00e9graphique introduit la notion de<br>pens\u00e9e commune et de responsabilit\u00e9 partag\u00e9e. Les interpr\u00e8tes,<br>devant chercher en permanence la fusion du groupe, sont amen\u00e9es \u00e0<br>prendre des d\u00e9cisions au moment pr\u00e9sent en traversant les tableauxrituels.<br>Les interpr\u00e8tes prennent le temps qu\u2019il leur faut pour arriver \u00e0<br>un vrai unisson, elles sentent quand elles ont atteint l\u2019\u00e9tat recherch\u00e9<br>et savent alors qu\u2019il faut changer de leader et passer \u00e0 la suite. C\u2019est<br>\u00e9galement un parti pris de ne pas suivre une partition musicale mais<br>de produire elles-m\u00eames la \u2018\u2019musique\u2019\u2019. Glissement des pieds au sol,<br>souffles, chuchotement, percussions corporelles, chant polyphonique,<br>rien ne vient de l\u2019ext\u00e9rieur, tout se fabrique en temps r\u00e9el \u00e0 l\u2019int\u00e9rieur<br>du groupe.<br><\/p>\n\n\n\n<p><br><strong>Gallerie d&rsquo;images par&nbsp;Nelly&nbsp;Kim&nbsp;Chi<\/strong><\/p>\n\n\n\n<figure class=\"wp-block-gallery columns-3 is-cropped wp-block-gallery-1 is-layout-flex wp-block-gallery-is-layout-flex\"><ul class=\"blocks-gallery-grid\"><li class=\"blocks-gallery-item\"><figure><img loading=\"lazy\" decoding=\"async\" width=\"1024\" height=\"684\" src=\"https:\/\/efifarmaki.com\/wp-content\/uploads\/2019\/02\/KIM_2273-1024x684.jpg\" alt=\"\" data-id=\"821\" data-link=\"https:\/\/efifarmaki.com\/index.php\/fr\/creations\/le-choeur__trashed\/kim_2273\/\" class=\"wp-image-821\" srcset=\"https:\/\/efifarmaki.com\/wp-content\/uploads\/2019\/02\/KIM_2273-1024x684.jpg 1024w, https:\/\/efifarmaki.com\/wp-content\/uploads\/2019\/02\/KIM_2273-300x200.jpg 300w, https:\/\/efifarmaki.com\/wp-content\/uploads\/2019\/02\/KIM_2273-768x513.jpg 768w\" sizes=\"(max-width: 1024px) 100vw, 1024px\" \/><\/figure><\/li><li class=\"blocks-gallery-item\"><figure><img loading=\"lazy\" decoding=\"async\" width=\"1024\" height=\"684\" src=\"https:\/\/efifarmaki.com\/wp-content\/uploads\/2019\/02\/KIM_2290-1024x684.jpg\" alt=\"\" data-id=\"822\" data-link=\"https:\/\/efifarmaki.com\/index.php\/fr\/creations\/le-choeur__trashed\/kim_2290\/\" class=\"wp-image-822\" srcset=\"https:\/\/efifarmaki.com\/wp-content\/uploads\/2019\/02\/KIM_2290-1024x684.jpg 1024w, https:\/\/efifarmaki.com\/wp-content\/uploads\/2019\/02\/KIM_2290-300x200.jpg 300w, https:\/\/efifarmaki.com\/wp-content\/uploads\/2019\/02\/KIM_2290-768x513.jpg 768w\" sizes=\"(max-width: 1024px) 100vw, 1024px\" \/><\/figure><\/li><li class=\"blocks-gallery-item\"><figure><img loading=\"lazy\" decoding=\"async\" width=\"1024\" height=\"684\" src=\"https:\/\/efifarmaki.com\/wp-content\/uploads\/2019\/02\/KIM_2315-2-1024x684.jpg\" alt=\"\" data-id=\"823\" data-link=\"https:\/\/efifarmaki.com\/index.php\/fr\/creations\/le-choeur__trashed\/kim_2315-2\/\" class=\"wp-image-823\" srcset=\"https:\/\/efifarmaki.com\/wp-content\/uploads\/2019\/02\/KIM_2315-2-1024x684.jpg 1024w, https:\/\/efifarmaki.com\/wp-content\/uploads\/2019\/02\/KIM_2315-2-300x200.jpg 300w, https:\/\/efifarmaki.com\/wp-content\/uploads\/2019\/02\/KIM_2315-2-768x513.jpg 768w\" sizes=\"(max-width: 1024px) 100vw, 1024px\" \/><\/figure><\/li><li class=\"blocks-gallery-item\"><figure><img loading=\"lazy\" decoding=\"async\" width=\"1024\" height=\"684\" src=\"https:\/\/efifarmaki.com\/wp-content\/uploads\/2019\/02\/KIM_2328-1024x684.jpg\" alt=\"\" data-id=\"824\" data-link=\"https:\/\/efifarmaki.com\/index.php\/fr\/creations\/le-choeur__trashed\/kim_2328\/\" class=\"wp-image-824\" srcset=\"https:\/\/efifarmaki.com\/wp-content\/uploads\/2019\/02\/KIM_2328-1024x684.jpg 1024w, https:\/\/efifarmaki.com\/wp-content\/uploads\/2019\/02\/KIM_2328-300x200.jpg 300w, https:\/\/efifarmaki.com\/wp-content\/uploads\/2019\/02\/KIM_2328-768x513.jpg 768w\" sizes=\"(max-width: 1024px) 100vw, 1024px\" \/><\/figure><\/li><li class=\"blocks-gallery-item\"><figure><img loading=\"lazy\" decoding=\"async\" width=\"1024\" height=\"684\" src=\"https:\/\/efifarmaki.com\/wp-content\/uploads\/2019\/02\/KIM_2381-1024x684.jpg\" alt=\"\" data-id=\"826\" data-link=\"https:\/\/efifarmaki.com\/index.php\/fr\/creations\/le-choeur__trashed\/kim_2381\/\" class=\"wp-image-826\" srcset=\"https:\/\/efifarmaki.com\/wp-content\/uploads\/2019\/02\/KIM_2381-1024x684.jpg 1024w, https:\/\/efifarmaki.com\/wp-content\/uploads\/2019\/02\/KIM_2381-300x200.jpg 300w, https:\/\/efifarmaki.com\/wp-content\/uploads\/2019\/02\/KIM_2381-768x513.jpg 768w\" sizes=\"(max-width: 1024px) 100vw, 1024px\" \/><\/figure><\/li><li class=\"blocks-gallery-item\"><figure><img loading=\"lazy\" decoding=\"async\" width=\"1024\" height=\"684\" src=\"https:\/\/efifarmaki.com\/wp-content\/uploads\/2019\/02\/KIM_2356-1024x684.jpg\" alt=\"\" data-id=\"827\" data-link=\"https:\/\/efifarmaki.com\/index.php\/fr\/creations\/le-choeur__trashed\/kim_2356\/\" class=\"wp-image-827\" srcset=\"https:\/\/efifarmaki.com\/wp-content\/uploads\/2019\/02\/KIM_2356-1024x684.jpg 1024w, https:\/\/efifarmaki.com\/wp-content\/uploads\/2019\/02\/KIM_2356-300x200.jpg 300w, https:\/\/efifarmaki.com\/wp-content\/uploads\/2019\/02\/KIM_2356-768x513.jpg 768w\" sizes=\"(max-width: 1024px) 100vw, 1024px\" \/><\/figure><\/li><li class=\"blocks-gallery-item\"><figure><img loading=\"lazy\" decoding=\"async\" width=\"1024\" height=\"684\" src=\"https:\/\/efifarmaki.com\/wp-content\/uploads\/2019\/02\/KIM_2541-m-1024x684.jpg\" alt=\"\" data-id=\"832\" data-link=\"https:\/\/efifarmaki.com\/index.php\/fr\/creations\/le-choeur__trashed\/kim_2541-m\/\" class=\"wp-image-832\" srcset=\"https:\/\/efifarmaki.com\/wp-content\/uploads\/2019\/02\/KIM_2541-m-1024x684.jpg 1024w, https:\/\/efifarmaki.com\/wp-content\/uploads\/2019\/02\/KIM_2541-m-300x200.jpg 300w, https:\/\/efifarmaki.com\/wp-content\/uploads\/2019\/02\/KIM_2541-m-768x513.jpg 768w\" sizes=\"(max-width: 1024px) 100vw, 1024px\" \/><\/figure><\/li><li class=\"blocks-gallery-item\"><figure><img loading=\"lazy\" decoding=\"async\" width=\"1024\" height=\"684\" src=\"https:\/\/efifarmaki.com\/wp-content\/uploads\/2019\/02\/KIM_2498-2-1024x684.jpg\" alt=\"\" data-id=\"835\" data-link=\"https:\/\/efifarmaki.com\/index.php\/fr\/creations\/le-choeur__trashed\/kim_2498-3\/\" class=\"wp-image-835\" srcset=\"https:\/\/efifarmaki.com\/wp-content\/uploads\/2019\/02\/KIM_2498-2-1024x684.jpg 1024w, https:\/\/efifarmaki.com\/wp-content\/uploads\/2019\/02\/KIM_2498-2-300x200.jpg 300w, https:\/\/efifarmaki.com\/wp-content\/uploads\/2019\/02\/KIM_2498-2-768x513.jpg 768w\" sizes=\"(max-width: 1024px) 100vw, 1024px\" \/><\/figure><\/li><li class=\"blocks-gallery-item\"><figure><img loading=\"lazy\" decoding=\"async\" width=\"1024\" height=\"684\" src=\"https:\/\/efifarmaki.com\/wp-content\/uploads\/2021\/07\/KIM_2404-2-1024x684.jpg\" alt=\"\" data-id=\"1539\" data-full-url=\"https:\/\/efifarmaki.com\/wp-content\/uploads\/2021\/07\/KIM_2404-2-scaled.jpg\" data-link=\"https:\/\/efifarmaki.com\/index.php\/fr\/creations\/le-choeur\/kim_2404-2-2\/\" class=\"wp-image-1539\" srcset=\"https:\/\/efifarmaki.com\/wp-content\/uploads\/2021\/07\/KIM_2404-2-1024x684.jpg 1024w, https:\/\/efifarmaki.com\/wp-content\/uploads\/2021\/07\/KIM_2404-2-300x200.jpg 300w, https:\/\/efifarmaki.com\/wp-content\/uploads\/2021\/07\/KIM_2404-2-768x513.jpg 768w, https:\/\/efifarmaki.com\/wp-content\/uploads\/2021\/07\/KIM_2404-2-1536x1025.jpg 1536w, https:\/\/efifarmaki.com\/wp-content\/uploads\/2021\/07\/KIM_2404-2-2048x1367.jpg 2048w\" sizes=\"(max-width: 1024px) 100vw, 1024px\" \/><\/figure><\/li><\/ul><\/figure>\n\n\n\n<p><strong>Equipe artistique <\/strong><br>Chor\u00e9graphe : Efi Farmaki<br>Interpr\u00e8tes : Tiphaine Babin, Manon Chaurand, Yael Heynderickx, Pauline de Lattre, Elise Roy<br>Entra\u00eenement vocal : Anne-Charlotte Belign\u00e9<br>Costumes : Clarisse Chambrion<br>Lumi\u00e8res : Jean-Charles Levesque<br><\/p>\n\n\n\n<p><strong>Partenaires <\/strong><br>Pour le spectacle&nbsp;<em>Le Choeur<\/em>&nbsp;la compagnie a b\u00e9nefici\u00e9 du soutien des partenaires suivants: La Fabrique de la Danse, le Centre National de la Danse, Le Centquatre, la Ville d&rsquo;Issy les Moulineaux, L&rsquo;Espace Icare, Le Reacteur, La Compagnie du Passeur. <br><\/p>\n\n\n\n<p><strong>Repr\u00e9sentations :<\/strong><br>11\/05\/2017: Soir\u00e9e de Chor\u00e9graphes de la Fabrique de la Danse, Auditorium Carreau de Temple, Paris<br>12-13\/05\/2017: Festival Mouvement Contemporain, Th\u00e9\u00e2tre Douze,Paris<br>9\/6\/2017: MC \u00e0 Micadanses, Paris<br>19\/7\/2017: Festival Second Square Summer Time, Carreau du Temple, Paris<br>6\/8\/2017: Salle de loisir et de culture du Montlaux, Alpes-de-Haute-Provence<br>9-10\/11\/2017 \u2013 Th\u00e9\u00e2tre de l\u2019Espace Icare, Issy-les-Moulineaux<br>11-12\/10\/2018 &#8211; Th\u00e9\u00e2tre de l\u2019Espace Icare, Issy-les-Moulineaux <\/p>\n\n\n\n<p><strong>Gallerie d&rsquo;images par Fabrice&nbsp;Pairault<\/strong><\/p>\n\n\n\n<figure class=\"wp-block-gallery columns-3 is-cropped wp-block-gallery-2 is-layout-flex wp-block-gallery-is-layout-flex\"><ul class=\"blocks-gallery-grid\"><li class=\"blocks-gallery-item\"><figure><img loading=\"lazy\" decoding=\"async\" width=\"1024\" height=\"768\" src=\"https:\/\/efifarmaki.com\/wp-content\/uploads\/2019\/02\/LE-CHOEUR-EFI-20-1024x768.jpg\" alt=\"\" data-id=\"810\" data-link=\"https:\/\/efifarmaki.com\/index.php\/fr\/creations\/le-choeur__trashed\/le-choeur-efi-20-2\/\" class=\"wp-image-810\" srcset=\"https:\/\/efifarmaki.com\/wp-content\/uploads\/2019\/02\/LE-CHOEUR-EFI-20-1024x768.jpg 1024w, https:\/\/efifarmaki.com\/wp-content\/uploads\/2019\/02\/LE-CHOEUR-EFI-20-300x225.jpg 300w, https:\/\/efifarmaki.com\/wp-content\/uploads\/2019\/02\/LE-CHOEUR-EFI-20-768x576.jpg 768w\" sizes=\"(max-width: 1024px) 100vw, 1024px\" \/><\/figure><\/li><li class=\"blocks-gallery-item\"><figure><img loading=\"lazy\" decoding=\"async\" width=\"1024\" height=\"768\" src=\"https:\/\/efifarmaki.com\/wp-content\/uploads\/2019\/02\/LE-CHOEUR-EFI-1-1024x768.jpg\" alt=\"\" data-id=\"811\" data-link=\"https:\/\/efifarmaki.com\/index.php\/fr\/creations\/le-choeur__trashed\/le-choeur-efi-1-2\/\" class=\"wp-image-811\" srcset=\"https:\/\/efifarmaki.com\/wp-content\/uploads\/2019\/02\/LE-CHOEUR-EFI-1-1024x768.jpg 1024w, https:\/\/efifarmaki.com\/wp-content\/uploads\/2019\/02\/LE-CHOEUR-EFI-1-300x225.jpg 300w, https:\/\/efifarmaki.com\/wp-content\/uploads\/2019\/02\/LE-CHOEUR-EFI-1-768x576.jpg 768w\" sizes=\"(max-width: 1024px) 100vw, 1024px\" \/><\/figure><\/li><li class=\"blocks-gallery-item\"><figure><img loading=\"lazy\" decoding=\"async\" width=\"1024\" height=\"768\" src=\"https:\/\/efifarmaki.com\/wp-content\/uploads\/2019\/02\/LE-CHOEUR-EFI-29-1024x768.jpg\" alt=\"\" data-id=\"812\" data-link=\"https:\/\/efifarmaki.com\/index.php\/fr\/creations\/le-choeur__trashed\/le-choeur-efi-29-2\/\" class=\"wp-image-812\" srcset=\"https:\/\/efifarmaki.com\/wp-content\/uploads\/2019\/02\/LE-CHOEUR-EFI-29-1024x768.jpg 1024w, https:\/\/efifarmaki.com\/wp-content\/uploads\/2019\/02\/LE-CHOEUR-EFI-29-300x225.jpg 300w, https:\/\/efifarmaki.com\/wp-content\/uploads\/2019\/02\/LE-CHOEUR-EFI-29-768x576.jpg 768w\" sizes=\"(max-width: 1024px) 100vw, 1024px\" \/><\/figure><\/li><li class=\"blocks-gallery-item\"><figure><img loading=\"lazy\" decoding=\"async\" width=\"1024\" height=\"1024\" src=\"https:\/\/efifarmaki.com\/wp-content\/uploads\/2019\/02\/LE-CHOEUR-EFI-32-1024x1024.jpg\" alt=\"\" data-id=\"813\" data-link=\"https:\/\/efifarmaki.com\/index.php\/fr\/creations\/le-choeur__trashed\/le-choeur-efi-32-2\/\" class=\"wp-image-813\" srcset=\"https:\/\/efifarmaki.com\/wp-content\/uploads\/2019\/02\/LE-CHOEUR-EFI-32-1024x1024.jpg 1024w, https:\/\/efifarmaki.com\/wp-content\/uploads\/2019\/02\/LE-CHOEUR-EFI-32-150x150.jpg 150w, https:\/\/efifarmaki.com\/wp-content\/uploads\/2019\/02\/LE-CHOEUR-EFI-32-300x300.jpg 300w, https:\/\/efifarmaki.com\/wp-content\/uploads\/2019\/02\/LE-CHOEUR-EFI-32-768x768.jpg 768w\" sizes=\"(max-width: 1024px) 100vw, 1024px\" \/><\/figure><\/li><li class=\"blocks-gallery-item\"><figure><img loading=\"lazy\" decoding=\"async\" width=\"1024\" height=\"1024\" src=\"https:\/\/efifarmaki.com\/wp-content\/uploads\/2019\/02\/LE-CHOEUR-EFI-14-1024x1024.jpg\" alt=\"\" data-id=\"815\" data-link=\"https:\/\/efifarmaki.com\/index.php\/fr\/creations\/le-choeur__trashed\/le-choeur-efi-14-2\/\" class=\"wp-image-815\" srcset=\"https:\/\/efifarmaki.com\/wp-content\/uploads\/2019\/02\/LE-CHOEUR-EFI-14-1024x1024.jpg 1024w, https:\/\/efifarmaki.com\/wp-content\/uploads\/2019\/02\/LE-CHOEUR-EFI-14-150x150.jpg 150w, https:\/\/efifarmaki.com\/wp-content\/uploads\/2019\/02\/LE-CHOEUR-EFI-14-300x300.jpg 300w, https:\/\/efifarmaki.com\/wp-content\/uploads\/2019\/02\/LE-CHOEUR-EFI-14-768x768.jpg 768w\" sizes=\"(max-width: 1024px) 100vw, 1024px\" \/><\/figure><\/li><li class=\"blocks-gallery-item\"><figure><img loading=\"lazy\" decoding=\"async\" width=\"1024\" height=\"576\" src=\"https:\/\/efifarmaki.com\/wp-content\/uploads\/2019\/02\/LE-CHOEUR-EFI-3-1024x576.jpg\" alt=\"\" data-id=\"816\" data-link=\"https:\/\/efifarmaki.com\/index.php\/fr\/creations\/le-choeur__trashed\/le-choeur-efi-3\/\" class=\"wp-image-816\" srcset=\"https:\/\/efifarmaki.com\/wp-content\/uploads\/2019\/02\/LE-CHOEUR-EFI-3-1024x576.jpg 1024w, https:\/\/efifarmaki.com\/wp-content\/uploads\/2019\/02\/LE-CHOEUR-EFI-3-300x169.jpg 300w, https:\/\/efifarmaki.com\/wp-content\/uploads\/2019\/02\/LE-CHOEUR-EFI-3-768x432.jpg 768w\" sizes=\"(max-width: 1024px) 100vw, 1024px\" \/><\/figure><\/li><li class=\"blocks-gallery-item\"><figure><img loading=\"lazy\" decoding=\"async\" width=\"1024\" height=\"768\" src=\"https:\/\/efifarmaki.com\/wp-content\/uploads\/2019\/02\/LE-CHOEUR-EFI-26-1024x768.jpg\" alt=\"\" data-id=\"817\" data-link=\"https:\/\/efifarmaki.com\/index.php\/fr\/creations\/le-choeur__trashed\/le-choeur-efi-26-2\/\" class=\"wp-image-817\" srcset=\"https:\/\/efifarmaki.com\/wp-content\/uploads\/2019\/02\/LE-CHOEUR-EFI-26-1024x768.jpg 1024w, https:\/\/efifarmaki.com\/wp-content\/uploads\/2019\/02\/LE-CHOEUR-EFI-26-300x225.jpg 300w, https:\/\/efifarmaki.com\/wp-content\/uploads\/2019\/02\/LE-CHOEUR-EFI-26-768x576.jpg 768w\" sizes=\"(max-width: 1024px) 100vw, 1024px\" \/><\/figure><\/li><li class=\"blocks-gallery-item\"><figure><img loading=\"lazy\" decoding=\"async\" width=\"1024\" height=\"768\" src=\"https:\/\/efifarmaki.com\/wp-content\/uploads\/2019\/02\/LE-CHOEUR-EFI-15-1024x768.jpg\" alt=\"\" data-id=\"818\" data-link=\"https:\/\/efifarmaki.com\/index.php\/fr\/creations\/le-choeur__trashed\/le-choeur-efi-15-2\/\" class=\"wp-image-818\" srcset=\"https:\/\/efifarmaki.com\/wp-content\/uploads\/2019\/02\/LE-CHOEUR-EFI-15-1024x768.jpg 1024w, https:\/\/efifarmaki.com\/wp-content\/uploads\/2019\/02\/LE-CHOEUR-EFI-15-300x225.jpg 300w, https:\/\/efifarmaki.com\/wp-content\/uploads\/2019\/02\/LE-CHOEUR-EFI-15-768x576.jpg 768w\" sizes=\"(max-width: 1024px) 100vw, 1024px\" \/><\/figure><\/li><li class=\"blocks-gallery-item\"><figure><img loading=\"lazy\" decoding=\"async\" width=\"1024\" height=\"768\" src=\"https:\/\/efifarmaki.com\/wp-content\/uploads\/2019\/02\/LE-CHOEUR-EFI-23-1024x768.jpg\" alt=\"\" data-id=\"819\" data-link=\"https:\/\/efifarmaki.com\/index.php\/fr\/creations\/le-choeur__trashed\/le-choeur-efi-23-2\/\" class=\"wp-image-819\" srcset=\"https:\/\/efifarmaki.com\/wp-content\/uploads\/2019\/02\/LE-CHOEUR-EFI-23-1024x768.jpg 1024w, https:\/\/efifarmaki.com\/wp-content\/uploads\/2019\/02\/LE-CHOEUR-EFI-23-300x225.jpg 300w, https:\/\/efifarmaki.com\/wp-content\/uploads\/2019\/02\/LE-CHOEUR-EFI-23-768x576.jpg 768w\" sizes=\"(max-width: 1024px) 100vw, 1024px\" \/><\/figure><\/li><\/ul><\/figure>\n\n\n\n<div class=\"wp-block-file aligncenter\"><a href=\"https:\/\/efifarmaki.com\/wp-content\/uploads\/2019\/02\/Le-Choeur_dossier-artistique-pedagogique.pdf\" target=\"_blank\" rel=\"noreferrer noopener\">T\u00e9l\u00e9chargez le dossier artistique du Choeur<br><\/a><a href=\"https:\/\/efifarmaki.com\/wp-content\/uploads\/2019\/02\/Le-Choeur_dossier-artistique-pedagogique.pdf\" class=\"wp-block-file__button\" download>T\u00e9l\u00e9charger<\/a><\/div>\n","protected":false},"excerpt":{"rendered":"<p>Pi\u00e8ce chor\u00e9graphique et vocale pour 5 interpr\u00e8tes Dur\u00e9e : 50 minutesTout public Une tribu imaginaire de femmes, micrographie de soci\u00e9t\u00e9 humaine, oscillant ind\u00e9finiment entre unisson et dispersion, consonance et dissonance, en perp\u00e9tuelle qu\u00eate d\u2019\u00e9quilibre. Cette pi\u00e8ce chor\u00e9graphique et vocale nous invite au c\u0153ur palpitant des relations entre le groupe et [&hellip;]<\/p>\n","protected":false},"author":1,"featured_media":0,"parent":16,"menu_order":0,"comment_status":"closed","ping_status":"closed","template":"template-page-fullwidth.php","meta":{"footnotes":""},"jetpack_sharing_enabled":true,"_links":{"self":[{"href":"https:\/\/efifarmaki.com\/index.php\/wp-json\/wp\/v2\/pages\/50"}],"collection":[{"href":"https:\/\/efifarmaki.com\/index.php\/wp-json\/wp\/v2\/pages"}],"about":[{"href":"https:\/\/efifarmaki.com\/index.php\/wp-json\/wp\/v2\/types\/page"}],"author":[{"embeddable":true,"href":"https:\/\/efifarmaki.com\/index.php\/wp-json\/wp\/v2\/users\/1"}],"replies":[{"embeddable":true,"href":"https:\/\/efifarmaki.com\/index.php\/wp-json\/wp\/v2\/comments?post=50"}],"version-history":[{"count":50,"href":"https:\/\/efifarmaki.com\/index.php\/wp-json\/wp\/v2\/pages\/50\/revisions"}],"predecessor-version":[{"id":1540,"href":"https:\/\/efifarmaki.com\/index.php\/wp-json\/wp\/v2\/pages\/50\/revisions\/1540"}],"up":[{"embeddable":true,"href":"https:\/\/efifarmaki.com\/index.php\/wp-json\/wp\/v2\/pages\/16"}],"wp:attachment":[{"href":"https:\/\/efifarmaki.com\/index.php\/wp-json\/wp\/v2\/media?parent=50"}],"curies":[{"name":"wp","href":"https:\/\/api.w.org\/{rel}","templated":true}]}}