{"id":24,"date":"2017-04-03T20:00:07","date_gmt":"2017-04-03T18:00:07","guid":{"rendered":"http:\/\/efifarmaki.com\/?page_id=24"},"modified":"2017-12-08T14:25:35","modified_gmt":"2017-12-08T13:25:35","slug":"artistes","status":"publish","type":"page","link":"https:\/\/efifarmaki.com\/index.php\/fr\/artistes\/","title":{"rendered":"Les Artistes"},"content":{"rendered":"<p><strong><img loading=\"lazy\" decoding=\"async\" class=\" wp-image-414 alignleft\" src=\"https:\/\/efifarmaki.com\/wp-content\/uploads\/2017\/04\/Alice-1-300x268.jpg\" alt=\"\" width=\"235\" height=\"210\" srcset=\"https:\/\/efifarmaki.com\/wp-content\/uploads\/2017\/04\/Alice-1-300x268.jpg 300w, https:\/\/efifarmaki.com\/wp-content\/uploads\/2017\/04\/Alice-1.jpg 595w\" sizes=\"(max-width: 235px) 100vw, 235px\" \/>Alice Giuliani<\/strong>\u00a0&#8211; interpr\u00e8te<br \/>\nArtiste chor\u00e9graphique italienne, elle est n\u00e9e \u00e0 Viterbo en 1994.<br \/>\nElle commence \u00e0 \u00e9tudier la danse classique et moderne \u00e0 l\u2019\u00e2ge de six ans et elle se forme pendant deux ans \u00e0 l\u2019\u00e9cole du Balletto di Roma. Ensuite elle se rapproche de la danse contemporaine. Le travail de certains chor\u00e9graphes a \u00e9t\u00e9 marquant dans son parcours artistique : Adriana Borriello, Biagio Caravano (MK), Roberto Castello (Aldes), Antonio Tagliarini, Christine G\u00e9rard. Dipl\u00f4m\u00e9e en disciplines du spectacle \u00e0 l\u2019Universit\u00e9 Roma Tre avec un m\u00e9moire sur le travail de la chor\u00e9graphe Lucinda Childs, aujourd\u2019hui elle poursuit ses \u00e9tudes au D\u00e9partement Danse de l\u2019Universit\u00e9 de Paris 8. Elle travaille actuellement en tant que danseuse pour la compagnie Aldes \u2013 Roberto Castello, pour la chor\u00e9graphe Irene Russolillo. ainsi que pour la compagnie Efi Farmaki Dance Copany (E\u03a6DC).<\/p>\n<hr \/>\n<p><strong><img loading=\"lazy\" decoding=\"async\" class=\" wp-image-423 alignleft\" src=\"https:\/\/efifarmaki.com\/wp-content\/uploads\/2017\/04\/Elise-Portrait-1-300x259.jpg\" alt=\"\" width=\"242\" height=\"209\" srcset=\"https:\/\/efifarmaki.com\/wp-content\/uploads\/2017\/04\/Elise-Portrait-1-300x259.jpg 300w, https:\/\/efifarmaki.com\/wp-content\/uploads\/2017\/04\/Elise-Portrait-1.jpg 525w\" sizes=\"(max-width: 242px) 100vw, 242px\" \/>Elise Roy<\/strong> &#8211; \u00a0interpr\u00e8te<br \/>\nElise est danseuse et chor\u00e9graphe. Form\u00e9e \u00e0 la danse classique depuis ses cinq ans, c\u2019est en venant \u00e9tudier \u00e0 Paris les sciences politiques et sociales qu\u2019elle d\u00e9couvre la danse contemporaine. Elle participe \u00e0 des ateliers avec les chor\u00e9graphes Herman Diephuis et Thierry Micouin, suit les cours r\u00e9guliers du danseur \u00e0 Micadanses, \u00e0 la M\u00e9nagerie de verre, au CND de Pantin et les stages d\u2019\u00e9t\u00e9 de l\u2019\u00e9cole P.A.R.T.S \u00e0 Bruxelles.<br \/>\nA New York, elle \u00e9tudie la danse et les sciences urbaines \u00e0 l\u2019universit\u00e9 de Columbia, explore la danse contact \u00e0 Mouvement Research, danse avec le Shen Wei Dance Art et dans la cr\u00e9ation\u00a0<i>Cadence for eight<\/i>\u00a0de Lance Gries, ancien membre de la Trisha Brown Dance Company.<br \/>\nEn juin 2017, elle int\u00e8gre la Efi Farmaki Dance Company.<br \/>\nInt\u00e9ress\u00e9e par la rencontre des diff\u00e9rents langages artistiques autour de th\u00e9matiques politiques et soci\u00e9tales, elle d\u00e9veloppe actuellement un travail de cr\u00e9ation\u00a0\u00e0 la rencontre entre la danse et la bande dessin\u00e9e, en collaboration avec le dessinateur Edmond Baudoin et soutenu par la Fabrique de la Danse (cr\u00e9ation 2019).<br \/>\nElise est par ailleurs dipl\u00f4m\u00e9e de master \u00e0 l\u2019Ecole d\u2019Affaires Urbaines de Sciences-Po Paris et d\u00e9tient une licence en Arts du spectacle &#8211; danse \u00e0 Paris VIII.<\/p>\n<hr \/>\n<p><strong><img loading=\"lazy\" decoding=\"async\" class=\" wp-image-430 alignleft\" src=\"https:\/\/efifarmaki.com\/wp-content\/uploads\/2017\/04\/tiphaine-2-300x287.jpg\" alt=\"\" width=\"241\" height=\"231\" srcset=\"https:\/\/efifarmaki.com\/wp-content\/uploads\/2017\/04\/tiphaine-2-300x287.jpg 300w, https:\/\/efifarmaki.com\/wp-content\/uploads\/2017\/04\/tiphaine-2.jpg 560w\" sizes=\"(max-width: 241px) 100vw, 241px\" \/>Tiphaine Babin\u00a0<\/strong>&#8211; interpr\u00e8te<br \/>\nSon go\u00fbt pour les musiques du monde l&rsquo;a d&rsquo;abord port\u00e9 vers la danse orientale classique (sharki), puis les danses traditionnelles du monde arabe (\u00c9gypte, Tunisie, Maroc) et le tango argentin. Plus r\u00e9cemment, elle s&rsquo;est initi\u00e9e aux danses tziganes des Balkans et de Turquie et aux danses soufies.\u00a0Elle se nourrit \u00e9galement des pratiques somatiques et des arts internes asiatiques qui, comme les danses traditionnelles, pensent le corps dans sa globalit\u00e9.<br \/>\nElle se tourne aujourd&rsquo;hui vers des formes d&rsquo;expression plus contemporaines, tout en restant attach\u00e9e \u00e0 leurs inspirations traditionnelles et populaires, riches de sens. Pour Tiphaine, la danse est avant tout un moment de rencontre avec son corps, avec soi-m\u00eame et avec l&rsquo;autre. Elle recherche alors une forme de simplicit\u00e9 \u00e0 travers des mouvements organiques et holistiques qui peuvent \u00eatre partag\u00e9s et appropri\u00e9s par tous.<br \/>\nPar ailleurs, les danses du monde arabe et le tango, qui font voyager dans les arch\u00e9types du f\u00e9minin, furent et restent pour elle fondamentales dans sa construction en tant que femme.<br \/>\nCr\u00e9ation en cours\u00a0:\u00a0<em>Le Ch\u0153ur<\/em>, cr\u00e9ation pour 6 danseuses de la Cie Efi Farmaki et <em>Entre ici et l\u00e0<\/em>, cr\u00e9ation duo &#8211; Souffle de danse.<\/p>\n<hr \/>\n<p><strong><img loading=\"lazy\" decoding=\"async\" class=\" wp-image-421 alignleft\" src=\"https:\/\/efifarmaki.com\/wp-content\/uploads\/2017\/04\/Pauline-300x254.jpg\" alt=\"\" width=\"278\" height=\"235\" srcset=\"https:\/\/efifarmaki.com\/wp-content\/uploads\/2017\/04\/Pauline-300x254.jpg 300w, https:\/\/efifarmaki.com\/wp-content\/uploads\/2017\/04\/Pauline.jpg 590w\" sizes=\"(max-width: 278px) 100vw, 278px\" \/>Pauline de Lattre<\/strong> &#8211; interpr\u00e8te<br \/>\nDipl\u00f4m\u00e9e d\u2019un Monitorat de danse Afro-Am\u00e9ricaine bas\u00e9e sur la technique Dunham dispens\u00e9 par l\u2019\u00e9cole Free Dance Song \u00e0 Paris, Pauline de Lattre est \u00e9galement immerg\u00e9e dans la culture br\u00e9silienne depuis plus de 10 ans, et est initi\u00e9e aux danses et rythmes traditionnels br\u00e9siliens. Elle d\u00e9couvre le Gumboot &#8211; danse et percussion corporelle sud-africaine &#8211; en 2011. Commence alors un travail de recherche sur l\u2019histoire de cette danse, voyage qui l\u2019emm\u00e8nera \u00e0 vivre plusieurs mois en Afrique du Sud et collaborer avec des compagnies \u00e0 rayonnement international tel que la \u00ab\u00a0Flatfoot Dance Company\u00a0\u00bb ou les \u00ab\u00a0Via Katlehong\u00a0\u00bb.<\/p>\n<div class=\"\">\n<p class=\"x_MsoNormal\">Elle a cr\u00e9\u00e9 sa compagnie,\u00a0<i class=\"\">Ayoba,\u00a0<\/i>et s&rsquo;inspire des danses populaires sud-africaine en y associant des techniques de danse contemporaine ainsi qu\u2019un regard sur notre soci\u00e9t\u00e9 moderne. Collaborations et rencontres sont au coeur du chemin artistique de Pauline, c\u2019est donc tout naturellement qu\u2019elle a int\u00e9gr\u00e9 la Efi Farmaki Dance Company pour d\u00e9couvrir et partager l\u2019univers particulier de la chor\u00e9graphe.<\/p>\n<hr \/>\n<p><strong><img loading=\"lazy\" decoding=\"async\" class=\" wp-image-432 alignleft\" src=\"https:\/\/efifarmaki.com\/wp-content\/uploads\/2017\/04\/Yael-1-300x247.jpg\" alt=\"\" width=\"280\" height=\"231\" srcset=\"https:\/\/efifarmaki.com\/wp-content\/uploads\/2017\/04\/Yael-1-300x247.jpg 300w, https:\/\/efifarmaki.com\/wp-content\/uploads\/2017\/04\/Yael-1-768x633.jpg 768w, https:\/\/efifarmaki.com\/wp-content\/uploads\/2017\/04\/Yael-1-1024x844.jpg 1024w, https:\/\/efifarmaki.com\/wp-content\/uploads\/2017\/04\/Yael-1.jpg 1655w\" sizes=\"(max-width: 280px) 100vw, 280px\" \/>Ya\u00ebl \u00a0Heynderickx\u00a0<\/strong>&#8211; interpr\u00e8te<br \/>\nDe m\u00e8re et de p\u00e8re com\u00e9diens, elle vit son enfance berc\u00e9e par les arts et le spectacle.<br \/>\nL&rsquo;exploration de toutes sortes de danses comme la danse orientale, br\u00e9silienne, le Hip-hop, les danses de salons et traditionnelles lui apportent une approche et une connaissance diversifi\u00e9es de la danse.<br \/>\nApr\u00e8s son bac option danse \u00e0 Marseille elle se d\u00e9couvre un int\u00e9r\u00eat particulier pour l&rsquo;histoire, la composition et la recherche. Ce qui va la pousser \u00e0 obtenir une licence Art-Danse \u00e0 l&rsquo;universit\u00e9 de Nice Sophia-Antipolis.<br \/>\nAujourd&rsquo;hui \u00e9tudiante en Notation du mouvement Benesh au Conservatoire National Sup\u00e9rieur de Musique et de Danse de Paris, elle a travaill\u00e9 en temps que Notatrice pour une cr\u00e9ation au Het National Ballet mais aussi en temps que danseuse interp\u00e8te sur des oeuvres de r\u00e9pertoire comme Le sacre du printemps de Pina Bausch et Set and Reaset de Trisha Brown.\u00a0Depuis son installation \u00e0 Paris en 2014, Ya\u00ebl se concentre, en parall\u00e8le de ses \u00e9tudes, sur la pratique des danses de couples et des claquettes. Ce qui r\u00e9v\u00e8le sa passion pour la relation \u00e0 l&rsquo;autre et la pr\u00e9sence du rythme dans la danse.<\/p>\n<\/div>\n<hr \/>\n<div><strong>Manon Chaurand\u00a0<\/strong>&#8211; interpr\u00e8te<\/div>\n<div>C&rsquo;est gr\u00e2ce \u00e0 son p\u00e8re, lui m\u00eame danseur, que Manon \u00e0 d\u00e9couvert l&rsquo;univers de la danse. Elle a d\u00e9but\u00e9 la danse classique \u00e0 l&rsquo;\u00e2ge de 5 ans et a d\u00e9couvert la danse contemporaine par la suite. Form\u00e9e au CNR de Paris, elle a ensuite suivi la formation professionnelle au centre Rick Odums puis \u00e0 l&rsquo;\u00e9cole sup\u00e9rieure de danse de Cannes Rosella Hightower.<br \/>\nEn parallele de ses \u00e9tudes de danse elle a suivi une formation universitaire de psychologie et de psychomotricit\u00e9 et elle poursuit sa formation en danse-therapie. Elle travaille aujourd\u2019hui en tant que danseuse-interpr\u00e8te \u00e0 Paris et a son cabinet de psychomotricienne.<\/div>\n<hr \/>\n<p><strong>C\u00e9line Meillaud \u00a0<\/strong>&#8211; interpr\u00e8te<br \/>\nCom\u00e9dienne, danseuse, performeuse, C\u00e9line danse depuis l&rsquo;\u00e2ge de 5 ans. Elle prend d&rsquo;abord des cours de Modern&rsquo;Jazz pendant plusieurs ann\u00e9es, suis des cours amateurs de hip-hop et de salsa \u00e0 son adolescence avant d&rsquo;int\u00e9grer l&rsquo;\u00e9cole professionnelle de th\u00e9\u00e2tre La Sc\u00e8ne sur Sa\u00f4ne en 2009 \u00e0 Lyon, o\u00f9 elle d\u00e9couvre la danse contemporaine avec Ir\u00e9n\u00e9e Panizzi. Depuis elle continue de se former au CND (ateliers portes ouvertes), \u00e0 Micadanses (training du danseur), au Studio de Paris Carolyn Carlson (avec Jan Fabre en 2016) et chaque ann\u00e9e au stage international de DARC avec Larrio Ekson, Martine Harmel, Christopher Huggins et Angelo Monaco.<br \/>\nEn 2014 elle d\u00e9couvre le butoh. Une r\u00e9v\u00e9lation. Elle encha\u00eene alors les stages et ira jusqu&rsquo;au Japon rencontrer Natsu Nakajima, danseuse de la 1\u00e8re g\u00e9n\u00e9ration. C&rsquo;est \u00e0 l&rsquo;occasion d&rsquo;un stage de butoh qu&rsquo;elle fait la connaissance d&rsquo;Efi Farmaki. Le Choeur est leur seconde collaboration apr\u00e8s Bouillon de Vie, un duo de butoh qu&rsquo;elles cr\u00e9ent ensemble en 2016. Si le th\u00e9\u00e2tre tient une place importante dans sa vie, la danse est au coeur de tous ses projets. Elle vient d&rsquo;int\u00e9grer la Cie Crotonix \u00e0 Trondheim (Norv\u00e8ge) pour le projet Darkmatters et pr\u00e9pare un solo de butoh Father.<\/p>\n<hr \/>\n<p><strong>Maud Llorente <\/strong>&#8211; interpr\u00e8te<br \/>\nEvoluant entre Paris et Montr\u00e9al, Maud Llorente est artiste en danse et performance.<br \/>\nElle est dipl\u00f4m\u00e9e de l&rsquo;Universit\u00e9 Lumi\u00e8re Lyon 2 en Arts du spectacle et certifi\u00e9e en danse contemporaine du Centre de Formation Danse D\u00e9soblique \u00e0 Oullins. Elle int\u00e8gre le d\u00e9partement de danse de l&rsquo;Universit\u00e9 du Qu\u00e9bec \u00e0 Montr\u00e9al en 2012 afin d&rsquo;int\u00e9grer les techniques d&rsquo;\u00e9ducation somatiques \u00e0 son bagage en danse. Elle y suit \u00e9galement les enseignements de Dani\u00e8le Desnoyers, Marie B\u00e9land ou encore Kelly Keenan. Maud d\u00e9bute alors une \u00e9troite collaboration artistique avec la chor\u00e9graphe Kim-Sanh Cha\u00fb.<br \/>\nPar ailleurs, elle a eu l&rsquo;occasion de performer notamment pour Helen Simard (The Trouble with the Twenty-One Realities\/ Me, Myself, and Eye, Mouvement Sans\/100 Manifeste) et les S\u0153urs Schmutt (Schmuttland, pour une utopie durable), \u00e0 Paris pour l&rsquo;artiste designeuse Fiona du Mesnildot (Domestic Theater) et int\u00e8gre la Efi Farmaki Dance Company en octobre 2016. Dans sa d\u00e9marche personnelle Maud est \u00e0 la fois int\u00e9ress\u00e9e en danse par la confrontation entre \u00e9nergie performative du corps, engagement politique, pop culture et musique live.<\/p>\n","protected":false},"excerpt":{"rendered":"<p>Alice Giuliani\u00a0&#8211; interpr\u00e8te Artiste chor\u00e9graphique italienne, elle est n\u00e9e \u00e0 Viterbo en 1994. Elle commence \u00e0 \u00e9tudier la danse classique et moderne \u00e0 l\u2019\u00e2ge de six ans et elle se forme pendant deux ans \u00e0 l\u2019\u00e9cole du Balletto di Roma. Ensuite elle se rapproche de la danse contemporaine. Le travail [&hellip;]<\/p>\n","protected":false},"author":1,"featured_media":0,"parent":0,"menu_order":0,"comment_status":"closed","ping_status":"closed","template":"template-page-fullwidth.php","meta":{"footnotes":""},"jetpack_sharing_enabled":true,"_links":{"self":[{"href":"https:\/\/efifarmaki.com\/index.php\/wp-json\/wp\/v2\/pages\/24"}],"collection":[{"href":"https:\/\/efifarmaki.com\/index.php\/wp-json\/wp\/v2\/pages"}],"about":[{"href":"https:\/\/efifarmaki.com\/index.php\/wp-json\/wp\/v2\/types\/page"}],"author":[{"embeddable":true,"href":"https:\/\/efifarmaki.com\/index.php\/wp-json\/wp\/v2\/users\/1"}],"replies":[{"embeddable":true,"href":"https:\/\/efifarmaki.com\/index.php\/wp-json\/wp\/v2\/comments?post=24"}],"version-history":[{"count":20,"href":"https:\/\/efifarmaki.com\/index.php\/wp-json\/wp\/v2\/pages\/24\/revisions"}],"predecessor-version":[{"id":537,"href":"https:\/\/efifarmaki.com\/index.php\/wp-json\/wp\/v2\/pages\/24\/revisions\/537"}],"wp:attachment":[{"href":"https:\/\/efifarmaki.com\/index.php\/wp-json\/wp\/v2\/media?parent=24"}],"curies":[{"name":"wp","href":"https:\/\/api.w.org\/{rel}","templated":true}]}}