{"id":230,"date":"2017-04-25T22:13:13","date_gmt":"2017-04-25T20:13:13","guid":{"rendered":"http:\/\/efifarmaki.com\/?page_id=230"},"modified":"2023-03-16T08:56:00","modified_gmt":"2023-03-16T07:56:00","slug":"la-choregraphe","status":"publish","type":"page","link":"https:\/\/efifarmaki.com\/index.php\/fr\/la-choregraphe\/","title":{"rendered":"\u00c0 propos"},"content":{"rendered":"\n<div class=\"wp-block-image\"><figure class=\"alignleft is-resized\"><img loading=\"lazy\" decoding=\"async\" src=\"https:\/\/efifarmaki.com\/wp-content\/uploads\/2017\/04\/Efi-n-b-2.jpg\" alt=\"\" class=\"wp-image-329\" width=\"125\" height=\"187\" srcset=\"https:\/\/efifarmaki.com\/wp-content\/uploads\/2017\/04\/Efi-n-b-2.jpg 667w, https:\/\/efifarmaki.com\/wp-content\/uploads\/2017\/04\/Efi-n-b-2-200x300.jpg 200w\" sizes=\"(max-width: 125px) 100vw, 125px\" \/><\/figure><\/div>\n\n\n\n<p class=\"has-text-align-left\">Je m\u2019int\u00e9resse aux fondements m\u00eames de la danse, \u00e0 ce qui remonte aux plus archa\u00efques manifestations du geste symbolique. Le moment o\u00f9 le mouvement se met \u00e0 exprimer sp\u00e9cifiquement la nature humaine, et n\u2019est plus simplement une r\u00e9ponse aux n\u00e9cessit\u00e9s prosa\u00efques de la vie. <br>Cette origine se situe dans la nuit des temps et j\u2019en cherche la trace dans les danses traditionnelles des diff\u00e9rentes cultures du monde, au-del\u00e0 m\u00eame de ces cultures.<br>Mais elle est \u00e9galement au plus profond de nous, portants l\u2019empreinte de l\u2019\u00e9volution de l\u2019humanit\u00e9 \u00e0 travers le temps. Je tente de remonter &nbsp;en moi ce chemin, pour porter sur le monde un regard int\u00e9rieur solidement ancr\u00e9.<br>Ma proposition chor\u00e9graphique est souvent la rencontre entre un minimalisme mental \u00e0 qui je demande d\u2019\u00eatre un axe puissant incarnant \u2018\u2019l\u2019essentiel\u2019\u2019, et une ornementation formelle d\u00e9licate, \u00e0 la recherche de la beaut\u00e9 et de l\u2019harmonie. <br>Venant originellement du th\u00e9\u00e2tre, j\u2019ai &nbsp;choisit de m\u2019exprimer \u00e0 travers la danse pour sa capacit\u00e9 \u00e0 contourner l\u2019intellect et \u00e0 s\u2019adresser de mani\u00e8re directe aux \u00e9motions, aux instincts, aux sensations.<br>Ainsi, mes interpr\u00e8tes ne sont pas des \u2018\u2019personnages\u2019\u2019 d\u00e9roulant des narrations, ils sont des syst\u00e8mes abstraits, des formes dans l\u2019espace, des couleurs, des \u00e9nergies, des circulations fluides qui se m\u00e9tamorphosent sur la sc\u00e8ne au fil du temps. <br>Je cherche \u00e0 laisser de la place pour des associations et des projections libres de la part du spectateur, dont j\u2019aime r\u00e9veiller l&rsquo;imagination. Comme j\u2019aime le surprendre en cr\u00e9ant des r\u00e9alit\u00e9s impr\u00e9visibles. <br>La mise en sc\u00e8ne elle-m\u00eame participe \u00e0 cette recherche, proposant souvent des paysages contemplatifs. <br><br><\/p>\n\n\n\n<h2 class=\"wp-block-heading\">Bio<\/h2>\n\n\n\n<p>Danseuse et chor\u00e9graphe grecque, elle a r\u00e9alis\u00e9 ces \u00e9tudes initiales en <strong>th\u00e9\u00e2tre et danse<\/strong> \u00e0 Ath\u00e8nes en conservatoire d\u2019art dramatique. &nbsp;En 2013 elle s\u2019installe en France o\u00f9 elle poursuit ses \u00e9tudes avec une s\u00e9rie de stages intensifs en <strong>composition chor\u00e9graphique<\/strong> au sein de l\u2019Atelier de Paris-Carolyn Carlson et du Centre National de la Danse, o\u00f9 elle re\u00e7oit l\u2019enseignement de chor\u00e9graphes tr\u00e8s divers telles qu&rsquo; Ambra Senatore, David Zambrano, Deborah Hay, ou encore Colin Dunne. En 2015 elle \u00e9tudie la danse et la musique indon\u00e9sienne \u00e0 Bali pendant 4 mois, poursuivant ensuite son apprentissage \u00e0 Paris. C\u2019est en Indon\u00e9sie o\u00f9 elle d\u00e9couvre \u00e9galement d\u2019autres <strong>cultures asiatiques<\/strong>, telles que celles de la Cor\u00e9e, la Tha\u00eflande, le Japon, les Fiji, que depuis elle ne cesse d\u2019explorer. &nbsp;Elle est par ailleurs tr\u00e8s influenc\u00e9e par le <strong>butoh<\/strong> qu\u2019elle pratique depuis 2010 aupr\u00e8s des maitres Katsura Kan, Moeno Wakamatsu, Minako Seki, ou encore Nanami Kohshou. Elle a aussi \u00e9tudi\u00e9 des disciplines aussi diverses que les danses traditionnelles grecques, le tango argentin, le chant lyrique et l\u2019improvisation th\u00e9\u00e2trale. Toutes ces influences ont nourrit son univers artistique et lui ont permis de former un style tr\u00e8s singulier. <\/p>\n\n\n\n<p>Elle a \u00e9t\u00e9 s\u00e9l\u00e9ctionn\u00e9e pour les programmes suivants :<\/p>\n\n\n\n<ul><li>Indonesian Arts and Culture Scholarship, <strong>Ambassade d\u2019Indon\u00e9sie<\/strong>, 2015<\/li><li>Incubateur de chor\u00e9graphe de la <strong>Fabrique de la Danse<\/strong>, Paris, 2016-17<\/li><li>Carte Blanche \u00e0 la Jeune Cr\u00e9ation de l\u2019<strong>Espace Icare<\/strong>, Issy-les-Moulineaux, 2017-18 <\/li><li>PROTOTYPE V de l\u2019<strong>Abbaye de Royaumont<\/strong> (bourse Fondation de l\u2019Abbaye de Royaumont), 2017-18. <\/li><\/ul>\n\n\n\n<p><br><br><\/p>\n\n\n\n<h3 class=\"wp-block-heading\"><strong>Curriculum Vitae<\/strong><\/h3>\n\n\n\n<p style=\"font-size:12px\"><strong>Cr\u00e9ations <\/strong>(conception, chor\u00e9graphie, mise en sc\u00e8ne)<strong> <br>2020\u00a0:<\/strong> <em>InFluence, <\/em>cr\u00e9ation pour 3 danseurs<br><strong>2018\u00a0:<\/strong> <em>Incarnation, <\/em>solo de butoh, festival En chair et en son<strong><br> 2017\u00a0:<\/strong> <em>Le ch\u0153ur<\/em>, pi\u00e8ce chor\u00e9graphique et vocale pour 6 interpr\u00e8tes<br> <strong>2017\u00a0:<\/strong> <em>Les escaliers, solo but\u00f4, Maison des Arts de la Mairie de Brunoy<\/em><br> <strong>2017\u00a0:<\/strong> <em>Cosmogonie<\/em>, solo but\u00f4, festival Palimpseste, Th\u00e9\u00e2tre du temps, Paris<br> <strong>2016<\/strong>\u00a0: <em>Bouillon de vie<\/em>, duo de danse-th\u00e9\u00e2tre, festival <em>\u00c0 la But\u00f4<\/em>, Tenri, Paris<br> <strong>2015<\/strong>\u00a0: <em>R\u00e9ve-errance<\/em>, Solo but\u00f4, Sons d\u2019anthropocene, Nuit Blanche 2015, Pole Simon Lefranc, Paris <strong><br> 2014<\/strong>: <em>Afrodite<\/em>, Solo but\u00f4, festival But\u00f4 dans mon jardin, Brunoy, France<br> <strong>2011<\/strong>\u00a0: <em>Alkyoni<\/em>, solo danse contemporaine, compagnie Dryos Topoi, Zakynthos<\/p>\n\n\n\n<p style=\"font-size:12px\"><strong>Collaborations<\/strong><br>\u00c9criture corporelle pour la Compagnie de th\u00e9\u00e2tre ES3 Theatre dans les pi\u00e8ces Dionysos (2018) et Femelles (2019). <\/p>\n\n\n\n<p style=\"font-size:12px\"><strong>Interpr\u00e9tations<\/strong><br><strong>2019<\/strong>: Bari, MIR Repertory Theater \ub808\ud37c\ud1a0, INALCO Paris &amp; Nuit Sacr\u00e9e 2019, eglise St.Merry <br><strong>2018:<\/strong> <em>Ainda d\u00e0, gestes pour un non-po\u00e8me&nbsp;<\/em>de&nbsp;Fanny&nbsp;Vignals,&nbsp;Mains&nbsp;d&nbsp;Oeuvres,&nbsp;St.Ouen<br><strong>2017<\/strong>: <em>Gambyong<\/em>, Danse javanaise, Ambassade indon\u00e9sienne \u00e0 Paris<br><strong>2017&nbsp;<\/strong>: <em>Parthenon Marbles<\/em>, d\u2019Alexandra Pirici, performance, fondation Kadist, Paris<br><strong>2016&nbsp;:<\/strong> <em>R\u00eave d\u2019embryon,<\/em> Cie de Danse But\u00f4 Katsura Kan, Festival But\u00f4 de Tenri, Paris<br><strong>2016-18&nbsp;:<\/strong> Pr\u00e9sentations des danses traditionnelles cor\u00e9ennes au Centre Culturel Cor\u00e9en \u00e0 Paris, danses&nbsp;Buchaechum, Sanjochum,Kyobang-mu, Salpuri<br><strong>2016&nbsp;:<\/strong> <em>Blooming Island<\/em>, Solo performance in-situ, Kitt Johnson, Andros, Gr\u00e8ce<br><strong>2015<\/strong>&nbsp;: <em>Maintenant, ici, au bord. \u00c0 la m\u00e9moire de Koh,<\/em> Cie de Danse But\u00f4 Katsura Kan, Extr\u00eame Jonglerie &#8211; Marseille \/ Bertin Poir\u00e9e &#8211; Paris <strong><br>2015<\/strong>&nbsp;: Solo Danse Balinaise <em>Teruna Jaya<\/em>, R\u00e9ception Diplomatique de l\u2019Embassade d\u2019indonesie en Gr\u00e8ce, Hotel Grande Bretagne, Ath\u00e8nes<br><strong>2015 <\/strong>: Danse balinaise <em>Sisya<\/em>, Indonesia Channel Show 2015, Dome STP Bandung (NHI), Indon\u00e9sie<br><strong>2015&nbsp;:<\/strong> Danse balinaise <em>Legong Kraton<\/em>, Temple Bedugul, Bali, Indonesie<br><strong>2015<\/strong>: <em>Transumances<\/em> <em>de d\u00e9sir<\/em>, pi\u00e8ce de danse contemporaine, Cie Les Muses Bathymetriques, Paris <br><strong>2014&nbsp;<\/strong>: <em>La Salamandre<\/em>, performance de danse contemporaine de chor\u00e9graphe Nanami Kohshou, Espace Culturel Bertin Poir\u00e9e, Paris<br><strong>2010-11<\/strong>: <em>Woman Prometheus<\/em>, pi\u00e8ce de danse et th\u00e9\u00e2tre antique grec, Cie Dryos Topoi, th\u00e9\u00e2tre Dora Stratou et tourn\u00e9e en Gr\u00e8ce <br><strong>2009<\/strong>: <em>L\u2019Opera des quat\u2019sous<\/em>, Bertolt Brecht, Th\u00e9\u00e2tre Dilos, Ath\u00e8nes&nbsp; &#8211; role Lucy<br><strong>2008<\/strong>&nbsp;: <em>Music Tale<\/em>, En Chordais, Megaron Music Hall, Ath\u00e8nes <br><strong>2008<\/strong>: <em>Aladin e la lambada magica<\/em>, Opera National de Gr\u00e8ce&nbsp; Ath\u00e8nes&nbsp; <br><strong>2006<\/strong>&nbsp;: Chor\u00e9graphie solo de danse contemporaine-Prix \u00e0 la comp\u00e9tition national artistique d\u2019\u00e9tudiants grecs<\/p>\n\n\n\n<p class=\"has-small-font-size\"><strong>Formation Artistique<\/strong><\/p>\n\n\n\n<p style=\"font-size:12px\">2017-18&nbsp;:<strong> Prototype V, Abbaye de Royaumont<\/strong>&nbsp;: Herv\u00e9 Robbe, Alban Richard, Maud le Pladec, Shlomi Tuizer, DD Dorvilier<br> 2016-17&nbsp;: <strong>Incubateur de chor\u00e9graphes<\/strong>, Fabrique de la Danse, Paris&nbsp;<\/p>\n\n\n\n<p style=\"font-size:12px\"><strong>Danse &amp; Th\u00e9\u00e2tre<br>2015-18&nbsp;:<\/strong> Danse traditionnelle<strong> cor\u00e9enne<\/strong> &#8211; Cours r\u00e9guliers au centre culturel cor\u00e9en de Paris avec Jae Hyun An<br><strong>2015-18<\/strong>&nbsp;: Danse <strong>indonesienne<\/strong> (Bali, Java) \u2013 cours r\u00e9guliers avec Kadek Puspasari, Paris <strong><br>2015-16&nbsp;<\/strong>: Entrainement regulier de danseur &#8211; Studio <strong>Micadanses<\/strong>, Paris <br><strong>2015&nbsp;<\/strong>: Danse<strong> balinaise<\/strong>, formation intensive de 4 mois \u00e0 Bali<strong> &#8211; <\/strong>Bourse Indonesian Arts and Culture Scholarship 2015<br><strong>2014-16<\/strong>: Formations professionnelles chor\u00e9graphiques, <br><strong>Atelier de Paris<\/strong> Carolyn Carlson&nbsp;:Deborah Hay, &nbsp;Ambra Senatore, David Zambrano, Shelley Senter, Vidya Subramanian, Kim Ri-Ha\u00e9, Vincent Dupont<br><strong>CND&nbsp;<\/strong>: Colin Dunne, <strong>Dancce<\/strong>&nbsp;: Rootless roots, Kitt Johnson<br><strong>2009-15<\/strong>&nbsp;: Stages de <strong>But\u00f4<\/strong> avec Katsura Kan, Minako Seki, Moeno Wakamatsu, Nanami Kohshou<br><strong>2013-16&nbsp;<\/strong>: <strong>Tango<\/strong> Argentin &#8211; Cours r\u00e9guliers avec Aurore Chadoin et Enzo Hoces, Javier Rodriguez et Noelia Barsi, Mariano et Irene Jadur<br><strong>2010-11<\/strong>: <strong>Trag\u00e9die grecque<\/strong> antique, Group d\u2019\u00e9tudes du Th\u00e9\u00e2tre Dora Stratou et de l\u2019Universit\u00e9 National d\u2019Ath\u00e8nes, Gr\u00e8ce<strong><br>2009-10<\/strong>&nbsp;: Atelier d\u2019<strong>improvisation<\/strong> pour des performeurs professionnels, Th\u00e9atre Epikolono, Ath\u00e8nes, Gr\u00e8ce<strong><br>2007-09<\/strong>: <strong>Dipl\u00f4me aux \u00e9tudes du Th\u00e9\u00e2tre<\/strong>, Conservatoire d\u2019Arts Dramatiques d\u2019Ath\u00e8nes <br><strong>2000-10<\/strong>&nbsp;: Cours r\u00e9guliers de danse classique et contemporaine \u00e0 Ath\u00e8nes, Gr\u00e8ce<br><strong>2000-08&nbsp;<\/strong>: Cours reguliers de danses traditionnelles grecques, Chorostasi, Ath\u00e8nes, Gr\u00e8ce<br> <br><strong>Musique\/Chant<br>2017-19&nbsp;: <\/strong>Cours r\u00e9guliers de chant baroque et polyphonique avec Anne-Charlotte B\u00e9ligne<strong><br>2015&nbsp;: <\/strong>Cours de gamelan \u00e0 Bali &#8211; Bourse d&rsquo;Art et de Culture Indon\u00e9siens 2015<br><strong>2014<\/strong>&nbsp;: Stage de chant polyphonique grec avec Xanthoula Dakovanou, Maison d\u2019Europe et d\u2019Orient, Paris<br><strong>2010-12&nbsp;: <\/strong>Cours r\u00e9guliers de chant et de th\u00e9orie de la musique, Conservatoire National de Musique d\u2019Ath\u00e8nes<br> <br><strong>Sc\u00e8nographie<\/strong><br><strong>2016&nbsp;: <\/strong>Stage intensif \u2018\u2019Lumi\u00e8res\u2019\u2019 pour des chor\u00e8graphes avec Fran\u00e7oise Michel et Sylvie Garot&nbsp;, CND Paris <\/p>\n\n\n\n<p style=\"font-size:12px\"><strong>Formation Universitaire<\/strong><br><strong>2013-14<\/strong>: Mast\u00e8re Specialis\u00e9e en Management Culturel, Ca\u2019Foscari Venice, ESCP Europe Paris<br><strong>2006-12<\/strong>: Diplome aux \u00e9tudes d\u2019Economie Europ\u00e9ene et Internationale, Universit\u00e9 du Management et d\u2019Economie d\u2019Ath\u00e8nes <br><\/p>\n\n\n\n<p style=\"font-size:12px\"><strong>Langues<\/strong><br>Grec (langue maternelle), Fran\u00e7ais, Anglais<\/p>\n\n\n\n<div class=\"wp-block-file alignleft\"><a href=\"https:\/\/efifarmaki.com\/wp-content\/uploads\/2019\/02\/Cv-Efi-fr-2p.pdf\" target=\"_blank\" rel=\"noreferrer noopener\">T\u00e9l\u00e9charger le CV <\/a><a href=\"https:\/\/efifarmaki.com\/wp-content\/uploads\/2019\/02\/Cv-Efi-fr-2p.pdf\" class=\"wp-block-file__button\" download>T\u00e9l\u00e9charger<\/a><\/div>\n\n\n\n<p><\/p>\n\n\n\n<h3 class=\"wp-block-heading\"><br>La Compagnie<\/h3>\n\n\n\n<p>La Compagnie Efi Farmaki a \u00e9t\u00e9 cr\u00e9e en 2016 \u00e0 Issy-les-Moulineaux, France. <br>Elle est notamment soutenue par l\u2019association loi 1901, Choresprit, d\u00e9tenteur d\u2019une Licence d\u2019Entrepreneur de spectacle 2. <br><br>La Compagnie r\u00e9unit un r\u00e9seau d\u2019artistes, d\u2019intervenants et de techniciens, qui lui permet de r\u00e9aliser ses cr\u00e9ations et de r\u00e9pondre aux propositions qui&nbsp;lui sont faites. <br><br>La Compagnie beneficie du soutien des partenaires suivants :<br>La ville d&rsquo;issy-les-Moulineaux : Espace Icare, Clavim<br>La Fabrique de la Danse : Briqueterie, Carreau du Temple, Centquatre<br>Le Centre National de la Danse (CND)<br>La Compagnie du Passeur<br>La Compagnie Aventures Electroacoustiques<br><br><\/p>\n","protected":false},"excerpt":{"rendered":"<p>Je m\u2019int\u00e9resse aux fondements m\u00eames de la danse, \u00e0 ce qui remonte aux plus archa\u00efques manifestations du geste symbolique. Le moment o\u00f9 le mouvement se met \u00e0 exprimer sp\u00e9cifiquement la nature humaine, et n\u2019est plus simplement une r\u00e9ponse aux n\u00e9cessit\u00e9s prosa\u00efques de la vie. Cette origine se situe dans la [&hellip;]<\/p>\n","protected":false},"author":1,"featured_media":0,"parent":0,"menu_order":0,"comment_status":"closed","ping_status":"closed","template":"template-page-fullwidth.php","meta":{"footnotes":""},"jetpack_sharing_enabled":true,"_links":{"self":[{"href":"https:\/\/efifarmaki.com\/index.php\/wp-json\/wp\/v2\/pages\/230"}],"collection":[{"href":"https:\/\/efifarmaki.com\/index.php\/wp-json\/wp\/v2\/pages"}],"about":[{"href":"https:\/\/efifarmaki.com\/index.php\/wp-json\/wp\/v2\/types\/page"}],"author":[{"embeddable":true,"href":"https:\/\/efifarmaki.com\/index.php\/wp-json\/wp\/v2\/users\/1"}],"replies":[{"embeddable":true,"href":"https:\/\/efifarmaki.com\/index.php\/wp-json\/wp\/v2\/comments?post=230"}],"version-history":[{"count":50,"href":"https:\/\/efifarmaki.com\/index.php\/wp-json\/wp\/v2\/pages\/230\/revisions"}],"predecessor-version":[{"id":1507,"href":"https:\/\/efifarmaki.com\/index.php\/wp-json\/wp\/v2\/pages\/230\/revisions\/1507"}],"wp:attachment":[{"href":"https:\/\/efifarmaki.com\/index.php\/wp-json\/wp\/v2\/media?parent=230"}],"curies":[{"name":"wp","href":"https:\/\/api.w.org\/{rel}","templated":true}]}}