{"id":14,"date":"2017-04-03T19:58:03","date_gmt":"2017-04-03T17:58:03","guid":{"rendered":"http:\/\/efifarmaki.com\/?page_id=14"},"modified":"2019-02-09T18:44:51","modified_gmt":"2019-02-09T17:44:51","slug":"a-propos","status":"publish","type":"page","link":"https:\/\/efifarmaki.com\/index.php\/fr\/a-propos\/","title":{"rendered":"\u00c0 propos"},"content":{"rendered":"\n<h4 class=\"wp-block-heading\">Bio<\/h4>\n\n\n\n<p>Danseuse et chor\u00e9graphe grecque, elle a r\u00e9alis\u00e9 ces \u00e9tudes initiales en th\u00e9\u00e2tre et danse \u00e0 Ath\u00e8nes en conservatoire d\u2019art dramatique. En 2013 elle s\u2019installe en France o\u00f9 elle poursuit ses \u00e9tudes avec une s\u00e9rie de stages intensifs en composition chor\u00e9graphique au sein de l\u2019Atelier de Paris-Carolyn Carlson et du Centre National de la Danse, o\u00f9 elle re\u00e7oit l\u2019enseignement de personnalit\u00e9 telles que Ambra Senatore, David Zambrano, Deborah Hay, ou encore Colin Dunne. En 2015 elle \u00e9tudie la danse et la musique indon\u00e9sienne \u00e0 Bali pendant 4 mois, poursuivant ensuite son apprentissage \u00e0 Paris. C\u2019est en Indon\u00e9sie o\u00f9 elle d\u00e9couvre \u00e9galement d\u2019autres cultures asiatiques, telles que celles de la Cor\u00e9e, la Tha\u00eflande, le Japon, les Fiji, que depuis elle ne cesse d\u2019explorer. &nbsp;Elle est par ailleurs tr\u00e8s influenc\u00e9e par le butoh qu\u2019elle pratique depuis 2010 aupr\u00e8s des maitres Katsura Kan, Moeno Wakamatsu, Minako Seki, ou encore Nanami Kohshou. Elle a aussi \u00e9tudi\u00e9 des disciplines aussi diverses que les danses traditionnelles grecques, le tango argentin, le chant lyrique et l\u2019improvisation th\u00e9\u00e2trale. Toutes ces influences ont nourrit son univers artistique et lui ont permis de former un style tr\u00e8s singulier.<\/p>\n\n\n\n<p>S\u00e9l\u00e9ctionn\u00e9e pour les programmes suivants :<\/p>\n\n\n\n<ul><li>Indonesian Arts and Culture Scholarship, Ambassade d\u2019Indon\u00e9sie, 2015<\/li><li>Incubateur de chor\u00e9graphe de la Fabrique de la Danse, Paris, 2016-17<\/li><li>Carte Blanche \u00e0 la Jeune Cr\u00e9ation de l\u2019Espace Icare, Issy-les-Moulineaux, 2017-18<\/li><li>Prototype V de l\u2019Abbaye de Royaumont (bourse Fondation de l\u2019Abbaye de Royaumont), 2017-18.<\/li><\/ul>\n\n\n\n<pre class=\"wp-block-preformatted\"><\/pre>\n\n\n\n<p class=\"has-medium-font-size\"><strong>Curriculum Vitae<\/strong><\/p>\n\n\n\n<p class=\"has-small-font-size\"><strong>Cr\u00e9ations&nbsp;<\/strong>(conception, chor\u00e9graphie, mise en sc\u00e8ne)<strong>&nbsp;<br>2018&nbsp;:<\/strong>&nbsp;<em>InFluence,&nbsp;<\/em>cr\u00e9ation pour 3 danseurs<br><strong>2018&nbsp;:<\/strong>&nbsp;<em>Incarnation,&nbsp;<\/em>solo de butoh, festival En chair et en son<strong><br>2017&nbsp;:<\/strong>&nbsp;<em>Le ch\u0153ur<\/em>, pi\u00e8ce chor\u00e9graphique et vocale pour 6 interpr\u00e8tes<br><strong>2017&nbsp;:<\/strong>&nbsp;<em>Les escaliers, solo but\u00f4, Maison des Arts de la Mairie de Brunoy<\/em><br><strong>2017&nbsp;:<\/strong>&nbsp;<em>Cosmogonie<\/em>, solo but\u00f4, festival Palimpseste, Th\u00e9\u00e2tre du temps, Paris<br><strong>2016<\/strong>&nbsp;:&nbsp;<em>Bouillon de vie<\/em>, duo de danse-th\u00e9\u00e2tre, festival&nbsp;<em>\u00c0 la But\u00f4<\/em>, Tenri, Paris<br><strong>2015<\/strong>&nbsp;:&nbsp;<em>R\u00e9ve-errance<\/em>, Solo but\u00f4, Sons d\u2019anthropocene, Nuit Blanche 2015, Pole Simon Lefranc, Paris&nbsp;<strong><br>2014<\/strong>:&nbsp;<em>Afrodite<\/em>, Solo but\u00f4, festival But\u00f4 dans mon jardin, Brunoy, France<br><strong>2011<\/strong>&nbsp;:&nbsp;<em>Alkyoni<\/em>, solo danse contemporaine, compagnie Dryos Topoi, Zakynthos<\/p>\n\n\n\n<p class=\"has-small-font-size\"><strong>Collaborations<\/strong><br>\u00c9criture corporelle pour la Compagnie de th\u00e9\u00e2tre ES3 Theatre dans les pi\u00e8ces Dionysos (2018) et Femelles (2019).<\/p>\n\n\n\n<p class=\"has-small-font-size\"><strong>Interpr\u00e9tations<\/strong><br><strong>2018:<\/strong>&nbsp;<em>Ainda d\u00e0, gestes pour un non-po\u00e8me&nbsp;<\/em>de&nbsp;Fanny&nbsp;Vignals,&nbsp;Mains&nbsp;d&nbsp;Oeuvres,&nbsp;St.Ouen<br><strong>2017<\/strong>:&nbsp;<em>Gambyong<\/em>, Danse javanaise, Ambassade indon\u00e9sienne \u00e0 Paris<br><strong>2017&nbsp;<\/strong>:&nbsp;<em>Parthenon Marbles<\/em>, d\u2019Alexandra Pirici, performance, fondation Kadist, Paris<br><strong>2016&nbsp;:<\/strong>&nbsp;<em>R\u00eave d\u2019embryon,<\/em>&nbsp;Cie de Danse But\u00f4 Katsura Kan, Festival But\u00f4 de Tenri, Paris<br><strong>2016-18&nbsp;:<\/strong>&nbsp;Pr\u00e9sentations des danses traditionnelles cor\u00e9ennes au Centre Culturel Cor\u00e9en \u00e0 Paris, danses&nbsp;Buchaechum, Sanjochum,Kyobang-mu, Salpuri<br><strong>2016&nbsp;:<\/strong>&nbsp;<em>Blooming Island<\/em>, Solo performance in-situ, Kitt Johnson, Andros, Gr\u00e8ce<br><strong>2015<\/strong>&nbsp;:&nbsp;<em>Maintenant, ici, au bord. \u00c0 la m\u00e9moire de Koh,<\/em>&nbsp;Cie de Danse But\u00f4 Katsura Kan, Extr\u00eame Jonglerie \u2013 Marseille \/ Bertin Poir\u00e9e \u2013 Paris&nbsp;<strong><br>2015<\/strong>&nbsp;: Solo Danse Balinaise&nbsp;<em>Teruna Jaya<\/em>, R\u00e9ception Diplomatique de l\u2019Embassade d\u2019indonesie en Gr\u00e8ce, Hotel Grande Bretagne, Ath\u00e8nes<br><strong>2015&nbsp;<\/strong>: Danse balinaise&nbsp;<em>Sisya<\/em>, Indonesia Channel Show 2015, Dome STP Bandung (NHI), Indon\u00e9sie<br><strong>2015&nbsp;:<\/strong>&nbsp;Danse balinaise&nbsp;<em>Legong Kraton<\/em>, Temple Bedugul, Bali, Indonesie<br><strong>2015<\/strong>:&nbsp;<em>Transumances<\/em>&nbsp;<em>de d\u00e9sir<\/em>, pi\u00e8ce de danse contemporaine, Cie Les Muses Bathymetriques, Paris&nbsp;<br><strong>2014&nbsp;<\/strong>:&nbsp;<em>La Salamandre<\/em>, performance de danse contemporaine de chor\u00e9graphe Nanami Kohshou, Espace Culturel Bertin Poir\u00e9e, Paris<br><strong>2010-11<\/strong>:&nbsp;<em>Woman Prometheus<\/em>, pi\u00e8ce de danse et th\u00e9\u00e2tre antique grec, Cie Dryos Topoi, th\u00e9\u00e2tre Dora Stratou et tourn\u00e9e en Gr\u00e8ce&nbsp;<br><strong>2009<\/strong>:&nbsp;<em>L\u2019Opera des quat\u2019sous<\/em>, Bertolt Brecht, Th\u00e9\u00e2tre Dilos, Ath\u00e8nes&nbsp; \u2013 role Lucy<br><strong>2008<\/strong>&nbsp;:&nbsp;<em>Music Tale<\/em>, En Chordais, Megaron Music Hall, Ath\u00e8nes&nbsp;<br><strong>2008<\/strong>:&nbsp;<em>Aladin e la lambada magica<\/em>, Opera National de Gr\u00e8ce&nbsp; Ath\u00e8nes&nbsp;&nbsp;<br><strong>2006<\/strong>&nbsp;: Chor\u00e9graphie solo de danse contemporaine-Prix \u00e0 la comp\u00e9tition national artistique d\u2019\u00e9tudiants grecs<\/p>\n\n\n\n<p class=\"has-small-font-size\"><strong>Formation Artistique <\/strong><br><br>2017-18&nbsp;:<strong>&nbsp;Prototype V, Abbaye de Royaumont<\/strong>&nbsp;: Herv\u00e9 Robbe, Alban Richard, Maud le Pladec, Shlomi Tuizer, DD Dorvilier<br>2016-17&nbsp;:&nbsp;<strong>Incubateur de chor\u00e9graphes<\/strong>, Fabrique de la Danse, Paris&nbsp;<\/p>\n\n\n\n<p class=\"has-small-font-size\"><strong>Danse &amp; Th\u00e9\u00e2tre<br>2015-18&nbsp;:<\/strong>&nbsp;Danse traditionnelle<strong>&nbsp;cor\u00e9enne<\/strong>&nbsp;\u2013 Cours r\u00e9guliers au centre culturel cor\u00e9en de Paris avec Jae Hyun An<br><strong>2015-18<\/strong>&nbsp;: Danse&nbsp;<strong>indonesienne<\/strong>&nbsp;(Bali, Java) \u2013 cours r\u00e9guliers avec Kadek Puspasari, Paris&nbsp;<strong><br>2015-16&nbsp;<\/strong>: Entrainement regulier de danseur \u2013 Studio&nbsp;<strong>Micadanses<\/strong>, Paris&nbsp;<br><strong>2015&nbsp;<\/strong>: Danse<strong>&nbsp;balinaise<\/strong>, formation intensive de 4 mois \u00e0 Bali<strong>&nbsp;\u2013&nbsp;<\/strong>Bourse Indonesian Arts and Culture Scholarship 2015<br><strong>2014-16<\/strong>: Formations professionnelles chor\u00e9graphiques,&nbsp;<br><strong>Atelier de Paris<\/strong>&nbsp;Carolyn Carlson&nbsp;:Deborah Hay, &nbsp;Ambra Senatore, David Zambrano, Shelley Senter, Vidya Subramanian, Kim Ri-Ha\u00e9, Vincent Dupont<br><strong>CND&nbsp;<\/strong>: Colin Dunne,&nbsp;<strong>Dancce<\/strong>&nbsp;: Rootless roots, Kitt Johnson<br><strong>2009-15<\/strong>&nbsp;: Stages de&nbsp;<strong>But\u00f4<\/strong>&nbsp;avec Katsura Kan, Minako Seki, Moeno Wakamatsu, Nanami Kohshou<br><strong>2013-16&nbsp;<\/strong>:&nbsp;<strong>Tango<\/strong>&nbsp;Argentin \u2013 Cours r\u00e9guliers avec Aurore Chadoin et Enzo Hoces, Javier Rodriguez et Noelia Barsi, Mariano et Irene Jadur<br><strong>2010-11<\/strong>:&nbsp;<strong>Trag\u00e9die grecque<\/strong>&nbsp;antique, Group d\u2019\u00e9tudes du Th\u00e9\u00e2tre Dora Stratou et de l\u2019Universit\u00e9 National d\u2019Ath\u00e8nes, Gr\u00e8ce<strong><br>2009-10<\/strong>&nbsp;: Atelier d\u2019<strong>improvisation<\/strong>&nbsp;pour des performeurs professionnels, Th\u00e9atre Epikolono, Ath\u00e8nes, Gr\u00e8ce<strong><br>2007-09<\/strong>:&nbsp;<strong>Dipl\u00f4me aux \u00e9tudes du Th\u00e9\u00e2tre<\/strong>, Conservatoire d\u2019Arts Dramatiques d\u2019Ath\u00e8nes&nbsp;<br><strong>2000-10<\/strong>&nbsp;: Cours r\u00e9guliers de danse classique et contemporaine \u00e0 Ath\u00e8nes, Gr\u00e8ce<br><strong>2000-08&nbsp;<\/strong>: Cours reguliers de danses traditionnelles grecques, Chorostasi, Ath\u00e8nes, Gr\u00e8ce<br><br><strong>Musique\/Chant<br>2017-19&nbsp;:&nbsp;<\/strong>Cours r\u00e9guliers de chant baroque et polyphonique avec Anne-Charlotte B\u00e9ligne<strong><br>2015&nbsp;:&nbsp;<\/strong>Cours de gamelan \u00e0 Bali \u2013 Bourse d\u2019Art et de Culture Indon\u00e9siens 2015<br><strong>2014<\/strong>&nbsp;: Stage de chant polyphonique grec avec Xanthoula Dakovanou, Maison d\u2019Europe et d\u2019Orient, Paris<br><strong>2010-12&nbsp;:&nbsp;<\/strong>Cours r\u00e9guliers de chant et de th\u00e9orie de la musique, Conservatoire National de Musique d\u2019Ath\u00e8nes<br><br><strong>Sc\u00e8nographie<\/strong><br><strong>2016&nbsp;:&nbsp;<\/strong>Stage intensif \u2018\u2019Lumi\u00e8res\u2019\u2019 pour des chor\u00e8graphes avec Fran\u00e7oise Michel et Sylvie Garot&nbsp;, CND Paris<\/p>\n\n\n\n<p class=\"has-small-font-size\"><strong>Formation Universitaire<\/strong><br><strong>2013-14<\/strong>: Mast\u00e8re Specialis\u00e9e en Management Culturel, Ca\u2019Foscari Venice, ESCP Europe Paris<br><strong>2006-12<\/strong>: Diplome aux \u00e9tudes d\u2019Economie Europ\u00e9ene et Internationale, Universit\u00e9 du Management et d\u2019Economie d\u2019Ath\u00e8nes&nbsp;<br><\/p>\n\n\n\n<p class=\"has-small-font-size\"><strong>Langues<\/strong><br>Grec (langue maternelle), Fran\u00e7ais, Anglais<\/p>\n","protected":false},"excerpt":{"rendered":"<p>Bio Danseuse et chor\u00e9graphe grecque, elle a r\u00e9alis\u00e9 ces \u00e9tudes initiales en th\u00e9\u00e2tre et danse \u00e0 Ath\u00e8nes en conservatoire d\u2019art dramatique. En 2013 elle s\u2019installe en France o\u00f9 elle poursuit ses \u00e9tudes avec une s\u00e9rie de stages intensifs en composition chor\u00e9graphique au sein de l\u2019Atelier de Paris-Carolyn Carlson et du [&hellip;]<\/p>\n","protected":false},"author":1,"featured_media":0,"parent":0,"menu_order":0,"comment_status":"closed","ping_status":"closed","template":"template-page-fullwidth.php","meta":{"footnotes":""},"jetpack_sharing_enabled":true,"_links":{"self":[{"href":"https:\/\/efifarmaki.com\/index.php\/wp-json\/wp\/v2\/pages\/14"}],"collection":[{"href":"https:\/\/efifarmaki.com\/index.php\/wp-json\/wp\/v2\/pages"}],"about":[{"href":"https:\/\/efifarmaki.com\/index.php\/wp-json\/wp\/v2\/types\/page"}],"author":[{"embeddable":true,"href":"https:\/\/efifarmaki.com\/index.php\/wp-json\/wp\/v2\/users\/1"}],"replies":[{"embeddable":true,"href":"https:\/\/efifarmaki.com\/index.php\/wp-json\/wp\/v2\/comments?post=14"}],"version-history":[{"count":9,"href":"https:\/\/efifarmaki.com\/index.php\/wp-json\/wp\/v2\/pages\/14\/revisions"}],"predecessor-version":[{"id":915,"href":"https:\/\/efifarmaki.com\/index.php\/wp-json\/wp\/v2\/pages\/14\/revisions\/915"}],"wp:attachment":[{"href":"https:\/\/efifarmaki.com\/index.php\/wp-json\/wp\/v2\/media?parent=14"}],"curies":[{"name":"wp","href":"https:\/\/api.w.org\/{rel}","templated":true}]}}